{"id":1013,"date":"2023-01-05T13:20:14","date_gmt":"2023-01-05T13:20:14","guid":{"rendered":"https:\/\/www.kruse.swiss\/home\/"},"modified":"2023-01-28T03:20:06","modified_gmt":"2023-01-28T03:20:06","slug":"home","status":"publish","type":"page","link":"https:\/\/www.kruse.swiss\/de\/","title":{"rendered":"Home"},"content":{"rendered":"\n<style type=\"text\/css\">\n.ytp-gradient-top{display:none !important}\n.ytp-show-watch-later-title{display:none !important}\n.ytp-watch-later-button{display:none !important}\n.ytp-share-button{display:none !important}\n.sh_video_overlay{\n}\n#particles-js2 .qcld_hero_content_area{\n\tposition:absolute;\n\twidth: 100%;\n\ttop:50%;\t\n\t\tz-index:9;\n}\n#particles-js2 .slider-x-lead-title, #particles-js2 .hero_slider_button, #particles-js2 .slider-x-item-title{margin: 15px 0px;}\n#particles-js2 .slider-x-lead-title{\n}\n#particles-js2 .hero_slider_button{\n}\n#particles-js2 .slider-x-item-title{\n}\n.slider-hero-prev, .slider-hero-next{\ncolor: #ffffff !important;\n}\n.slider-hero-prev:hover,.slider-hero-next:hover{\ncolor: #ec1d35 !important;\n}\n.qc-sliderX-bottom-slide{\ncolor:#ec1d35 !important;\n}\n.qc-sliderX-bottom-slide:hover{\ncolor:#000000 !important;\n}\n.qc-sliderx-bottom-current{\ncolor:#000000 !important;\n}\n#particles-js2 canvas {\n\tposition:absolute;\n\t\tz-index:8;\n\t}\n#particles-js2 > img{\n\tposition:absolute;\n\tz-index:1;\n}\n#particles-js2{\n  width: 100%;\n  height: 100%;\n  overflow: hidden;\nbackground-image: linear-gradient(120deg, #f093fb 0%, #f5576c 100%);  background-color: #4e56fc;\n  background-size: cover;\n  background-position: 50% 50%;\n  background-repeat: no-repeat;\n  z-index: 1;\n  position:relative;\n    max-width: unset !important;\n}\n#sunset {\n    position: absolute;\n    top: 0;\n    left: 0;\n    width: 100%;\n    height: 100%;\n    background: #294372 url('https:\/\/www.kruse.swiss\/wp-content\/plugins\/slider-hero\/images\/sunset.jpg') center top no-repeat;\n    background-size: cover;\n    opacity: 0;\n    z-index: 1\n}\n.slider-x-lead-title2{\n\/*position: absolute;\ntop: 10%;*\/\nleft: 0px;\nwidth: 100%;\n\tpadding: 0px 10% !important;\nbox-sizing: border-box;\n}\n.slider-x-item-title2{\n\/*\nposition: absolute;\ntop: 30%;*\/\nleft: 0px;\nwidth: 100%;\nz-index:99 !important;\n\tpadding: 0px 10% !important;\nline-height: 40px;\nbox-sizing: border-box;\n}\n.slider-x-lead-title2{\nfont-size: 54px;color: #ffffff !important;text-align: left;\nline-height: 54px;\n}\n.hero_slider_btn2{\n\t\/*\n\tposition:absolute;\n\ttop: 80%;*\/\n\tleft:0px;\n\twidth:100%;\n\tpadding: 0px 10%;\n\tbox-sizing: border-box;\n\tz-index: -1;\ntext-align: left;}\n.hero_slider_btn2 a{\n\tz-index: 9;\n    position: relative;\n}\n.slider-x-item-title2, .slider-x-item-title2 > p, .slider-x-item-title2 > *{\ncolor: #ffffff;font-size: 26px;line-height: 26px;text-align: left;line-height: 40px;padding: 0px;\n}\n@media only screen and (min-width: 320px) and (max-width: 767px){\n.qcld_hero_content_area h2{font-size:26px !important;line-height: 30px !important;}\n.qcld_hero_content_area > .slider-x-item-title > p{font-size: 16px !important;line-height:normal;}\t\n}\n<\/style>\n<div class=\"hero_preloader\" style=\"background: #fff;width: 100%;height: 300px;z-index: 999;position: relative;display: flex;justify-content: center !important;align-items: center;\">\n\t\t<div class=\"hero_loader\"><\/div>\n<\/div>\n<div id=\"particles-js2\"  style=\"display:none;\" >\n\t\t\t\t\t\t\t\t<div class=\"qcld_hero_content_area\" data-bg-image=\"https:\/\/www.kruse.swiss\/wp-content\/uploads\/2022\/10\/kruseelectronicsagbanner-1.jpg\" style=\"display:none;\">\n<style type=\"text\/css\">\n.slider-x-lead-title2, .slider-x-lead-title2 p, .slider-x-lead-title2 h1, .slider-x-lead-title2 h2, .slider-x-lead-title2 span{\n\t\t}\n.slider-x-item-title2, .slider-x-item-title2 p, .slider-x-item-title2 div{\n\t\t}\n<\/style>\n\t<h2 class=\"slider-x-lead-title slider-x-lead-title2\">Weltweiter Distributor f\u00fcr elektronische Komponenten<\/h2>\n\t\t\t\t\t\t<div class=\"slider-x-item-title slider-x-item-title2\">\n\t\t\t\t\t\t\t<h3>Kruse Electronics AG<\/h3><p>Branchenexperten mit \u00fcber 30 Jahren Erfahrung --- Lokal handeln, global denken.<\/p>\t\t\t\t\t\t<\/div>\n\t\t\t\t\t\t\t<div class=\"hero_slider_button hero_slider_btn2\">\n\t\t\t\t\t\t<style type=\"text\/css\">\n\t\t\t.slider_hero_btn_cls_one2{\n\t\t\t\t\t\t\t\tborder-radius: 0px;\n\t\t\t\t\t\t\t\t\t\tbackground: #ec1d35;\n\t\t\t\t\t\t\tborder: 2px solid #ec1d35;\n\t\t\t\tpadding: 12px 20px;\n\t\t\t\tbox-sizing: content-box;\n\t\t\t\t\t\t\tfont-size: 16px;\n\t\t\t\t\t\t\tfont-weight: bold !important;\n\t\t\t\ttext-decoration: none;\n\t\t\t\tmin-width:100px;\n\t\t\t\tcolor: #ffffff !important;\n\t\t\t\tmargin-right: 10px;\n\t\t\t\ttext-shadow: none;\n\t\t\t}\n\t\t\t.slider_hero_btn1_display2{\n\t\t\t\tdisplay: -webkit-inline-flex;\n\t\t\t\t-webkit-box-orient: vertical;\n\t\t\t\t-webkit-box-direction: normal;\n\t\t\t\t-webkit-flex-direction: column;\n\t\t\t\t-webkit-box-pack: center;\n\t\t\t\t-webkit-flex-pack: center;\n\t\t\t\t-webkit-justify-content: center;\n\t\t\t\t-webkit-flex-align: center;\n\t\t\t\t-webkit-align-items: center;\n\t\t\t\tvertical-align: middle;\n\t\t\t}\n\t\t\t.slider_hero_btn_cls_one2:hover{\n\t\t\t\t\t\t\t\tcolor:#ffffff!important;\n\t\t\t\t\t\t\t\t\t\t\t\t\t\t\t\tbackground: #000000;\n\t\t\t\tborder: 2px solid #000000;\n\t\t\t\t\t\t\t\ttext-shadow: none;\n\t\t\t}\n\t\t\t<\/style>\n\t\t\t\t\t\t\t<a href=\"https:\/\/www.kruse.swiss\/produkte\/?lang=de\" target=\"_self\" class=\"hg_ctaStartGame slider_hero_btn_cls_one2 slider_hero_btn1_display2\">Entdecke mehr<\/a>\n<!--Second button configuration-->\n\t\t<\/div>\n\t\t<\/div> <!--End of hero Content Area-->\n\t\t\t\t\t\t\t\t\t<div class=\"qcld_hero_content_area\" data-bg-image=\"https:\/\/www.kruse.swiss\/wp-content\/uploads\/2022\/10\/kruse-banner-2.jpg\" style=\"display:none;\">\n<style type=\"text\/css\">\n.slider-x-lead-title2, .slider-x-lead-title2 p, .slider-x-lead-title2 h1, .slider-x-lead-title2 h2, .slider-x-lead-title2 span{\n\t\t}\n.slider-x-item-title2, .slider-x-item-title2 p, .slider-x-item-title2 div{\n\t\t}\n<\/style>\n\t<h2 class=\"slider-x-lead-title slider-x-lead-title2\">Weltweiter Distributor f\u00fcr elektronische Komponenten<\/h2>\n\t\t\t\t\t\t<div class=\"slider-x-item-title slider-x-item-title2\">\n\t\t\t\t\t\t\t<h3>Kruse Electronics AG<\/h3><p>Branchenexperten mit \u00fcber 30 Jahren Erfahrung --- Lokal handeln, global denken.<\/p>\t\t\t\t\t\t<\/div>\n\t\t\t\t\t\t\t<div class=\"hero_slider_button hero_slider_btn2\">\n\t\t\t\t\t\t<style type=\"text\/css\">\n\t\t\t.slider_hero_btn_cls_one2{\n\t\t\t\t\t\t\t\tborder-radius: 0px;\n\t\t\t\t\t\t\t\t\t\tbackground: #ec1d35;\n\t\t\t\t\t\t\tborder: 2px solid #ec1d35;\n\t\t\t\tpadding: 12px 20px;\n\t\t\t\tbox-sizing: content-box;\n\t\t\t\t\t\t\tfont-size: 16px;\n\t\t\t\t\t\t\tfont-weight: bold !important;\n\t\t\t\ttext-decoration: none;\n\t\t\t\tmin-width:100px;\n\t\t\t\tcolor: #ffffff !important;\n\t\t\t\tmargin-right: 10px;\n\t\t\t\ttext-shadow: none;\n\t\t\t}\n\t\t\t.slider_hero_btn1_display2{\n\t\t\t\tdisplay: -webkit-inline-flex;\n\t\t\t\t-webkit-box-orient: vertical;\n\t\t\t\t-webkit-box-direction: normal;\n\t\t\t\t-webkit-flex-direction: column;\n\t\t\t\t-webkit-box-pack: center;\n\t\t\t\t-webkit-flex-pack: center;\n\t\t\t\t-webkit-justify-content: center;\n\t\t\t\t-webkit-flex-align: center;\n\t\t\t\t-webkit-align-items: center;\n\t\t\t\tvertical-align: middle;\n\t\t\t}\n\t\t\t.slider_hero_btn_cls_one2:hover{\n\t\t\t\t\t\t\t\tcolor:#ffffff!important;\n\t\t\t\t\t\t\t\t\t\t\t\t\t\t\t\tbackground: #000000;\n\t\t\t\tborder: 2px solid #000000;\n\t\t\t\t\t\t\t\ttext-shadow: none;\n\t\t\t}\n\t\t\t<\/style>\n\t\t\t\t\t\t\t<a href=\"https:\/\/www.kruse.swiss\/produkte\/?lang=de\" target=\"_self\" class=\"hg_ctaStartGame slider_hero_btn_cls_one2 slider_hero_btn1_display2\">Entdecke mehr<\/a>\n<!--Second button configuration-->\n\t\t<\/div>\n\t\t<\/div> <!--End of hero Content Area-->\n\t<script type=\"text\/javascript\">\nfunction heroCookie(cname, cvalue, exdays) {\n    var d = new Date();\n    d.setTime(d.getTime() + (exdays*24*60*60*1000));\n    var expires = \"expires=\"+ d.toUTCString();\n    document.cookie = cname + \"=\" + cvalue + \";\" + expires + \";path=\/\";\n}\nfunction heroisMobile(){\n\tvar isMobile = false; \/\/initiate as false\n\t\t\/\/ device detection\n\t\tif(\/(android|bb\\d+|meego).+mobile|avantgo|bada\\\/|blackberry|blazer|compal|elaine|fennec|hiptop|iemobile|ip(hone|od)|ipad|iris|kindle|Android|Silk|lge |maemo|midp|mmp|netfront|opera m(ob|in)i|palm( os)?|phone|p(ixi|re)\\\/|plucker|pocket|psp|series(4|6)0|symbian|treo|up\\.(browser|link)|vodafone|wap|windows (ce|phone)|xda|xiino\/i.test(navigator.userAgent) \n\t\t|| \/1207|6310|6590|3gso|4thp|50[1-6]i|770s|802s|a wa|abac|ac(er|oo|s\\-)|ai(ko|rn)|al(av|ca|co)|amoi|an(ex|ny|yw)|aptu|ar(ch|go)|as(te|us)|attw|au(di|\\-m|r |s )|avan|be(ck|ll|nq)|bi(lb|rd)|bl(ac|az)|br(e|v)w|bumb|bw\\-(n|u)|c55\\\/|capi|ccwa|cdm\\-|cell|chtm|cldc|cmd\\-|co(mp|nd)|craw|da(it|ll|ng)|dbte|dc\\-s|devi|dica|dmob|do(c|p)o|ds(12|\\-d)|el(49|ai)|em(l2|ul)|er(ic|k0)|esl8|ez([4-7]0|os|wa|ze)|fetc|fly(\\-|_)|g1 u|g560|gene|gf\\-5|g\\-mo|go(\\.w|od)|gr(ad|un)|haie|hcit|hd\\-(m|p|t)|hei\\-|hi(pt|ta)|hp( i|ip)|hs\\-c|ht(c(\\-| |_|a|g|p|s|t)|tp)|hu(aw|tc)|i\\-(20|go|ma)|i230|iac( |\\-|\\\/)|ibro|idea|ig01|ikom|im1k|inno|ipaq|iris|ja(t|v)a|jbro|jemu|jigs|kddi|keji|kgt( |\\\/)|klon|kpt |kwc\\-|kyo(c|k)|le(no|xi)|lg( g|\\\/(k|l|u)|50|54|\\-[a-w])|libw|lynx|m1\\-w|m3ga|m50\\\/|ma(te|ui|xo)|mc(01|21|ca)|m\\-cr|me(rc|ri)|mi(o8|oa|ts)|mmef|mo(01|02|bi|de|do|t(\\-| |o|v)|zz)|mt(50|p1|v )|mwbp|mywa|n10[0-2]|n20[2-3]|n30(0|2)|n50(0|2|5)|n7(0(0|1)|10)|ne((c|m)\\-|on|tf|wf|wg|wt)|nok(6|i)|nzph|o2im|op(ti|wv)|oran|owg1|p800|pan(a|d|t)|pdxg|pg(13|\\-([1-8]|c))|phil|pire|pl(ay|uc)|pn\\-2|po(ck|rt|se)|prox|psio|pt\\-g|qa\\-a|qc(07|12|21|32|60|\\-[2-7]|i\\-)|qtek|r380|r600|raks|rim9|ro(ve|zo)|s55\\\/|sa(ge|ma|mm|ms|ny|va)|sc(01|h\\-|oo|p\\-)|sdk\\\/|se(c(\\-|0|1)|47|mc|nd|ri)|sgh\\-|shar|sie(\\-|m)|sk\\-0|sl(45|id)|sm(al|ar|b3|it|t5)|so(ft|ny)|sp(01|h\\-|v\\-|v )|sy(01|mb)|t2(18|50)|t6(00|10|18)|ta(gt|lk)|tcl\\-|tdg\\-|tel(i|m)|tim\\-|t\\-mo|to(pl|sh)|ts(70|m\\-|m3|m5)|tx\\-9|up(\\.b|g1|si)|utst|v400|v750|veri|vi(rg|te)|vk(40|5[0-3]|\\-v)|vm40|voda|vulc|vx(52|53|60|61|70|80|81|83|85|98)|w3c(\\-| )|webc|whit|wi(g |nc|nw)|wmlb|wonu|x700|yas\\-|your|zeto|zte\\-\/i.test(navigator.userAgent.substr(0,4))) isMobile = true;\n\treturn isMobile;\n}\nfunction getOffset1( el ) {\n    var _x = 0;\n    var _y = 0;\n    while( el && !isNaN( el.offsetLeft ) && !isNaN( el.offsetTop ) ) {\n        _x += el.offsetLeft - el.scrollLeft;\n        _y += el.offsetTop - el.scrollTop;\n        el = el.offsetParent;\n    }\n\t_x = parseInt(_x) + parseInt(jQuery('#particles-js2').parent().css('padding-left'));\n    return { top: _y, left: _x };\n}\n  jQuery(document).ready(function($){\n    \/\/jQuery(window).on( 'load', function(){\n\t\t\t\t   jQuery('.hero_preloader').remove();\n\t   \t   jQuery('#particles-js2').show();\n\t   jQuery('#particles-js2 canvas').width(jQuery('#particles-js2').width());\n\t   \t\t\tjQuery('#particles-js2 .qcld_hero_content_area:visible').css('margin-top','-'+Math.round(jQuery('#particles-js2 .qcld_hero_content_area:visible').height()\/2)+'px');\n\t\t   var fullwidth = jQuery(\"body\").prop(\"clientWidth\"); \n\t\t\tvar maindivcon = jQuery('#particles-js2').parent()[0];\n\t\t\tvar getleft = getOffset1(maindivcon);\n\t\t\tjQuery('#particles-js2').css({\n\t\t\t\t'left':'-'+getleft.left+'px',\n\t\t\t});\n\t\tvar maindivcontainer = jQuery('#particles-js2');\n\t\tif(jQuery(window).width() < 767){\n\t\t\tmaindivcontainer.find('.qcld_hero_content_area:visible').css('margin-top','-'+Math.round(maindivcontainer.find('.qcld_hero_content_area:visible').height()\/2)+'px');\n\t\t}\n});\njQuery(document).ready(function($){\n\t    $.fn.sliderX.defaults = {\n\t\tsliderWidth:800,\n\t\tsliderHeight:620,\n        pauseTime: 5000,\n\t\tpaddingTime: 500,\n        startSlide: 0,\n\t\ttitlePositionTop:'0%',\n\t\ttitlePositionLeft:'0%',\n\t\tdescPositionTop:'0%',\n\t\tdescPositionLeft:'0%',\n\t\t\/\/titleTextAnimation:'pulse',\n\t\ttitleTextColor:'#ffffff',\n\t\tdescriptionTextColor:'#ffffff',\n\t\ttitleFontSize:'20',\n\t\tarrowClass: 'caret',\n\t\tdescriptionFontSize:'30',\n\t\t\t\tfullWidth:true,\n\t\t\t\t\t\tfullScreen:false,\n\t\t\t\t\t\tScreenauto:false,\n\t\t\t\t\tslideStart: true,\n\t\t\t\t\tdirectionCon:true,\n\t\t\t\t\tbottomCon:true,\n\t\t\t\t\t\t\tarrow_style: 'default',\n\t\t\t\t\t\t\t\trandomslide: false,\n\t\tprevSlideText:'Previous',\n\t\tnextSlideText:'Next',\n\t\ttitleAnimation: 'bounceInLeft',\n\t\ttitleoutAnimation: '',\n\t\tdesAnimation: 'bounceInRight',\n\t\tdesoutAnimation: '',\n\t\tlfxtitlein:'',\n\t\tlfxtitleout:'',\n\t\tlfxdesin:'',\n\t\tlfxdesout:'',\n\t\tbuttonAnimation: 'normal',\n\t\tbuttonoutAnimation: '',\n\t\tredirecturl: '',\n\t\tredirectdelay: '',\n\t\tcontentposition: 'center',\n\t\tbgtransition: 'fade',\n    bgtransitionreverse: 'fade',\n\t\t\t\t\t\trepeat: true,\n\t\t\t\t\t\tsliderestart: false,\n\t\t\t\t\t\t\t\t\t\tsliderpause: false,\n\t\tmainId: 'particles-js2',\n\t\tsid: '2',\n\t\tslidertype: 'no_effect',\n        beforeChange: function(){\n\t\t\t\/\/alert(\"i am changing..\");\n\t\t}\n    };   \n    function firesliderx(){\n\t\tjQuery('#particles-js2').sliderX();\n\t}\n\t\t\tif(jQuery('.second_div_hero').length<1)\n\t\t\tfiresliderx();\n$(window).resize(function() {\n\tsetTimeout(function(){\n\t\tvar fullwidth = jQuery(window).width(); \n\t\tvar maindivcon = $('#particles-js2').parent()[0];\n\t\tvar getleft = getOffset1(maindivcon);\n\t\tjQuery('#particles-js2').css({\n\t\t\t'left':'-'+getleft.left+'px',\n\t\t});\n\t}, 500);\n});\n\tvar fullwidth = jQuery(window).width();\n\t\t\tvar maindivcon = $('#particles-js2').parent()[0];\n\t\tvar getleft = getOffset1(maindivcon);\n\tjQuery('#particles-js2').css({\n\t\t'left':'-'+getleft.left+'px',\n\t});\n$(window).resize(function() {\n\tsetTimeout(function(){\n\t\tif(jQuery(window).width()<767){\n\t\t\tvar maindivcontainer = $('#particles-js2');\n\t\t\tvar present_slide = maindivcontainer.find('.qcld_hero_content_area:visible');\n\t\t\t\/\/present_slide.css('height',maindivcontainer.height()+'px');\n\t\t}\n\t}, 500);\n});\n$('body').css({\n\t'overflow-x':'hidden',\n});\n});\nvar mainId = 'particles-js2';\nvar no_effect_mainId = 'particles-js2';\n<\/script>\n<\/div>\n<div style=\"background-image:url(https:\/\/www.kruse.swiss\/wp-content\/uploads\/2022\/10\/kruseelectronicsagbanner-1.jpg);position:absolute;left:-999px;width:2px;height:2px;z-index:-999\"><\/div><div style=\"background-image:url(https:\/\/www.kruse.swiss\/wp-content\/uploads\/2022\/10\/kruse-banner-2.jpg);position:absolute;left:-999px;width:2px;height:2px;z-index:-999\"><\/div>\n<style type=\"text\/css\">\n<\/style>\n\n\n\n\n<div class=\"wp-block-columns welcome-section is-layout-flex wp-container-core-columns-is-layout-9d6595d7 wp-block-columns-is-layout-flex\">\n<div class=\"wp-block-column welcome-image is-layout-flow wp-block-column-is-layout-flow\" style=\"flex-basis:30%\">\n<figure class=\"wp-block-image size-full\"><img loading=\"lazy\" decoding=\"async\" width=\"370\" height=\"312\" src=\"https:\/\/www.kruse.swiss\/wp-content\/uploads\/2022\/12\/Added-Value.jpg\" alt=\"\" class=\"wp-image-1015\" srcset=\"https:\/\/www.kruse.swiss\/wp-content\/uploads\/2022\/12\/Added-Value.jpg 370w, https:\/\/www.kruse.swiss\/wp-content\/uploads\/2022\/12\/Added-Value-300x253.jpg 300w\" sizes=\"auto, (max-width: 370px) 100vw, 370px\" \/><\/figure>\n<\/div>\n\n\n\n<div class=\"wp-block-column welcome-content is-layout-flow wp-block-column-is-layout-flow\" style=\"flex-basis:70%\">\n<h2 class=\"wp-block-heading\">360\u00b0-Supply-Chain-L\u00f6sungen<\/h2>\n\n\n\n<p>Kruse bietet Supply Chain L\u00f6sungen f\u00fcr alle Arten von Unternehmen.<\/p>\n\n\n\n<p>Uns treibt nur eine Sache an \u2013 Mehrwert f\u00fcr unsere Kunden.<\/p>\n\n\n\n<p>Viele Unternehmen sehen Probleme in der Elektronikfertigung als unvermeidlich an, aber durch eine Partnerschaft mit Kruse Electronics k\u00f6nnen sie beseitigt werden. Kruse bietet eine facettenreiche Partnerschaft, bei der Optimierung und Qualit\u00e4t Schl\u00fcsselaspekte des Supply Chain Managements sind. Unsere Dienstleistungen umfassen die Beschaffung kritischer Produkte und obsoleter Materialien, Kostensenkung, Verwaltung von \u00dcberbest\u00e4nden und Lieferkettenl\u00f6sungen, einschlie\u00dflich Komponenten-Kitting.<\/p>\n\n\n\n<p><a href=\"https:\/\/www.kruse.swiss\/ueber-uns\/?lang=de\">Weiter lesen<\/a><\/p>\n<\/div>\n<\/div>\n","protected":false},"excerpt":{"rendered":"<p>360\u00b0-Supply-Chain-L\u00f6sungen Kruse bietet Supply Chain L\u00f6sungen f\u00fcr alle Arten von Unternehmen. Uns treibt nur eine Sache an \u2013 Mehrwert f\u00fcr unsere Kunden. Viele Unternehmen sehen Probleme in der Elektronikfertigung als unvermeidlich an, aber durch eine Partnerschaft mit Kruse Electronics k\u00f6nnen sie beseitigt werden. Kruse bietet eine facettenreiche Partnerschaft, bei der Optimierung und Qualit\u00e4t Schl\u00fcsselaspekte des &hellip; <\/p>\n<p class=\"link-more\"><a href=\"https:\/\/www.kruse.swiss\/de\/\" class=\"more-link\"><span class=\"screen-reader-text\">\u201eHome\u201c<\/span> weiterlesen<\/a><\/p>\n","protected":false},"author":1,"featured_media":0,"parent":0,"menu_order":0,"comment_status":"closed","ping_status":"closed","template":"","meta":{"footnotes":""},"class_list":["post-1013","page","type-page","status-publish","hentry"],"_links":{"self":[{"href":"https:\/\/www.kruse.swiss\/de\/wp-json\/wp\/v2\/pages\/1013","targetHints":{"allow":["GET"]}}],"collection":[{"href":"https:\/\/www.kruse.swiss\/de\/wp-json\/wp\/v2\/pages"}],"about":[{"href":"https:\/\/www.kruse.swiss\/de\/wp-json\/wp\/v2\/types\/page"}],"author":[{"embeddable":true,"href":"https:\/\/www.kruse.swiss\/de\/wp-json\/wp\/v2\/users\/1"}],"replies":[{"embeddable":true,"href":"https:\/\/www.kruse.swiss\/de\/wp-json\/wp\/v2\/comments?post=1013"}],"version-history":[{"count":9,"href":"https:\/\/www.kruse.swiss\/de\/wp-json\/wp\/v2\/pages\/1013\/revisions"}],"predecessor-version":[{"id":1447,"href":"https:\/\/www.kruse.swiss\/de\/wp-json\/wp\/v2\/pages\/1013\/revisions\/1447"}],"wp:attachment":[{"href":"https:\/\/www.kruse.swiss\/de\/wp-json\/wp\/v2\/media?parent=1013"}],"curies":[{"name":"wp","href":"https:\/\/api.w.org\/{rel}","templated":true}]}}