{"id":1055,"date":"2023-01-05T15:30:02","date_gmt":"2023-01-05T15:30:02","guid":{"rendered":"https:\/\/www.kruse.swiss\/was-wir-tun\/"},"modified":"2023-01-21T08:26:22","modified_gmt":"2023-01-21T08:26:22","slug":"was-wir-tun","status":"publish","type":"page","link":"https:\/\/www.kruse.swiss\/de\/was-wir-tun\/","title":{"rendered":"Was Wir Tun"},"content":{"rendered":"\n<div class=\"wp-block-columns top-heading-section is-layout-flex wp-container-core-columns-is-layout-9d6595d7 wp-block-columns-is-layout-flex\">\n<div class=\"wp-block-column top-heading-content is-layout-flow wp-block-column-is-layout-flow\" style=\"flex-basis:100%\">\n<h3 class=\"wp-block-heading\">Was Wir Tun<\/h3>\n\n\n\n<h2 class=\"wp-block-heading\">Kruse Electronics bietet globale Supply Chain L\u00f6sungen<\/h2>\n\n\n\n<p><a href=\"https:\/\/www.kruse.swiss\/line-card\/?lang=de\">Line Card <i class=\"far fa-hand-point-right\"><\/i><\/a><\/p>\n<\/div>\n<\/div>\n\n\n\n<div class=\"wp-block-columns what-we-do-middle is-layout-flex wp-container-core-columns-is-layout-9d6595d7 wp-block-columns-is-layout-flex\">\n<div class=\"wp-block-column is-layout-flow wp-block-column-is-layout-flow\" style=\"flex-basis:100%\">\n<h2 class=\"wp-block-heading\">Was Wir Tun<\/h2>\n\n\n\n<p>Spezialisiert auf ma\u00dfgeschneiderte L\u00f6sungen f\u00fcr kritische Situationen in der Beschaffung von Akustik, Optoelektronik, Sensoren, Elektromechanik, aktiven, passiven Komponenten und Peripherie, bietet Kruse Electronics globale Supply-Chain-L\u00f6sungen f\u00fcr jede Art von Unternehmen.<\/p>\n\n\n\n<p>Wir bieten die gesamte Lieferkette f\u00fcr die Entwicklung, Qualifizierung und Fertigung modernster Elektronik. Von der ersten Konzeptstudie \u00fcber die Prototypenphase bis hin zur Serienproduktion \u2013 wir optimieren jeden Prozessschritt hinsichtlich Kosten und Qualit\u00e4t.<\/p>\n\n\n\n<p>Bei Kruse transformieren wir globale Lieferketten, um die Widerstandsf\u00e4higkeit zu st\u00e4rken und Chancen zu erschlie\u00dfen. Unser dynamisches Team aus Supply-Chain-Experten, Ingenieuren und einem Beschaffungsteam \u00fcberwacht st\u00e4ndig die M\u00e4rkte f\u00fcr elektronische Komponenten und Fertigprodukte mithilfe unserer propriet\u00e4ren Software, damit wir mit Ihnen zusammenarbeiten k\u00f6nnen, um sicherzustellen, dass die Auswirkungen auf Ihr Unternehmen minimiert werden.<\/p>\n\n\n\n<p>Wir sind darauf spezialisiert, flinke, vollst\u00e4ndig transparente, integrierte globale Lieferketten zu erm\u00f6glichen, und unsere End-to-End-L\u00f6sung f\u00fcr die Beschaffung elektronischer Komponenten wird durch unser unerm\u00fcdliches Streben nach Prozessen und Qualit\u00e4t mit einem Fokus auf eine nachhaltigere Zukunft zusammengehalten.<\/p>\n<\/div>\n<\/div>\n\n\n\n<div class=\"wp-block-media-text alignwide is-stacked-on-mobile services-section\"><figure class=\"wp-block-media-text__media\"><img loading=\"lazy\" decoding=\"async\" width=\"955\" height=\"630\" src=\"https:\/\/www.kruse.swiss\/wp-content\/uploads\/2022\/12\/what-we-do-service.jpg\" alt=\"\" class=\"wp-image-670 size-full\" srcset=\"https:\/\/www.kruse.swiss\/wp-content\/uploads\/2022\/12\/what-we-do-service.jpg 955w, https:\/\/www.kruse.swiss\/wp-content\/uploads\/2022\/12\/what-we-do-service-300x198.jpg 300w, https:\/\/www.kruse.swiss\/wp-content\/uploads\/2022\/12\/what-we-do-service-768x507.jpg 768w\" sizes=\"auto, (max-width: 767px) 89vw, (max-width: 1000px) 54vw, (max-width: 1071px) 543px, 580px\" \/><\/figure><div class=\"wp-block-media-text__content\">\n<h2 class=\"wp-block-heading\">Intelligente Einkaufsl\u00f6sungen f\u00fcr elektronische Komponenten<\/h2>\n\n\n\n<p>Die Kruse Electronics AG b\u00fcndelt konventionelle und alternative Beschaffungskan\u00e4le f\u00fcr elektronische Komponenten und ist damit Ihr Tor zum gesamten Weltmarkt, einschlie\u00dflich Komponentenbeschaffung, Minderung von Engp\u00e4ssen, Bestandsverwaltung, Einkaufsunterst\u00fctzung, Global Sourcing, Obsoleszenz, Aftermarket Services, Asset Recovery und mehr.<\/p>\n\n\n\n<p><a href=\"https:\/\/www.kruse.swiss\/dienstleistungen\/?lang=de\"><strong>Mehr erfahren<\/strong><\/a><\/p>\n<\/div><\/div>\n\n\n\n<div class=\"wp-block-media-text alignwide has-media-on-the-right is-stacked-on-mobile services-section\"><figure class=\"wp-block-media-text__media\"><img loading=\"lazy\" decoding=\"async\" width=\"954\" height=\"636\" src=\"https:\/\/www.kruse.swiss\/wp-content\/uploads\/2022\/11\/Product-Banner.jpg\" alt=\"\" class=\"wp-image-316 size-full\" srcset=\"https:\/\/www.kruse.swiss\/wp-content\/uploads\/2022\/11\/Product-Banner.jpg 954w, https:\/\/www.kruse.swiss\/wp-content\/uploads\/2022\/11\/Product-Banner-300x200.jpg 300w, https:\/\/www.kruse.swiss\/wp-content\/uploads\/2022\/11\/Product-Banner-768x512.jpg 768w\" sizes=\"auto, (max-width: 767px) 89vw, (max-width: 1000px) 54vw, (max-width: 1071px) 543px, 580px\" \/><\/figure><div class=\"wp-block-media-text__content\">\n<h2 class=\"wp-block-heading\">Produkte<\/h2>\n\n\n\n<p>Die Kruse Electronics AG ist spezialisiert auf Computerprodukte und Peripherieger\u00e4te, ICs\/Halbleiter, Fertigerzeugnisse, Prozessoren, Speicher, Speicherger\u00e4te und mehr.<\/p>\n\n\n\n<p><strong><a href=\"https:\/\/www.kruse.swiss\/produkte\/?lang=de\">Mehr erfahren<\/a><\/strong><\/p>\n<\/div><\/div>\n","protected":false},"excerpt":{"rendered":"<p>Was Wir Tun Kruse Electronics bietet globale Supply Chain L\u00f6sungen Line Card Was Wir Tun Spezialisiert auf ma\u00dfgeschneiderte L\u00f6sungen f\u00fcr kritische Situationen in der Beschaffung von Akustik, Optoelektronik, Sensoren, Elektromechanik, aktiven, passiven Komponenten und Peripherie, bietet Kruse Electronics globale Supply-Chain-L\u00f6sungen f\u00fcr jede Art von Unternehmen. Wir bieten die gesamte Lieferkette f\u00fcr die Entwicklung, Qualifizierung und &hellip; <\/p>\n<p class=\"link-more\"><a href=\"https:\/\/www.kruse.swiss\/de\/was-wir-tun\/\" class=\"more-link\"><span class=\"screen-reader-text\">\u201eWas Wir Tun\u201c<\/span> weiterlesen<\/a><\/p>\n","protected":false},"author":1,"featured_media":1059,"parent":0,"menu_order":0,"comment_status":"closed","ping_status":"closed","template":"","meta":{"footnotes":""},"class_list":["post-1055","page","type-page","status-publish","has-post-thumbnail","hentry"],"_links":{"self":[{"href":"https:\/\/www.kruse.swiss\/de\/wp-json\/wp\/v2\/pages\/1055","targetHints":{"allow":["GET"]}}],"collection":[{"href":"https:\/\/www.kruse.swiss\/de\/wp-json\/wp\/v2\/pages"}],"about":[{"href":"https:\/\/www.kruse.swiss\/de\/wp-json\/wp\/v2\/types\/page"}],"author":[{"embeddable":true,"href":"https:\/\/www.kruse.swiss\/de\/wp-json\/wp\/v2\/users\/1"}],"replies":[{"embeddable":true,"href":"https:\/\/www.kruse.swiss\/de\/wp-json\/wp\/v2\/comments?post=1055"}],"version-history":[{"count":14,"href":"https:\/\/www.kruse.swiss\/de\/wp-json\/wp\/v2\/pages\/1055\/revisions"}],"predecessor-version":[{"id":1347,"href":"https:\/\/www.kruse.swiss\/de\/wp-json\/wp\/v2\/pages\/1055\/revisions\/1347"}],"wp:featuredmedia":[{"embeddable":true,"href":"https:\/\/www.kruse.swiss\/de\/wp-json\/wp\/v2\/media\/1059"}],"wp:attachment":[{"href":"https:\/\/www.kruse.swiss\/de\/wp-json\/wp\/v2\/media?parent=1055"}],"curies":[{"name":"wp","href":"https:\/\/api.w.org\/{rel}","templated":true}]}}