{"id":1070,"date":"2023-01-05T16:29:21","date_gmt":"2023-01-05T16:29:21","guid":{"rendered":"https:\/\/www.kruse.swiss\/dienstleistungen\/"},"modified":"2023-01-20T10:49:14","modified_gmt":"2023-01-20T10:49:14","slug":"dienstleistungen","status":"publish","type":"page","link":"https:\/\/www.kruse.swiss\/de\/dienstleistungen\/","title":{"rendered":"Dienstleistungen"},"content":{"rendered":"\n<div class=\"wp-block-columns top-heading-section is-layout-flex wp-container-core-columns-is-layout-9d6595d7 wp-block-columns-is-layout-flex\">\n<div class=\"wp-block-column top-heading-content is-layout-flow wp-block-column-is-layout-flow\" style=\"flex-basis:100%\">\n<h3 class=\"wp-block-heading\">Dienstleistungen<\/h3>\n\n\n\n<h2 class=\"wp-block-heading\">Lieferkettenl\u00f6sungen f\u00fcr Elektronikkomponenten<\/h2>\n<\/div>\n<\/div>\n\n\n\n<div class=\"wp-block-columns services-content service-bottom is-layout-flex wp-container-core-columns-is-layout-9d6595d7 wp-block-columns-is-layout-flex\">\n<div class=\"wp-block-column is-layout-flow wp-block-column-is-layout-flow\" style=\"flex-basis:33.33%\">\n<h2 class=\"wp-block-heading\"><i class=\"fas fa-compress-arrows-alt\"><\/i> BOM-Auswertungen\/AML-Alternativl\u00f6sungen<\/h2>\n\n\n\n<p>Unsere Experten bieten St\u00fccklistenauswertungen und alternative Cross-L\u00f6sungen an.<\/p>\n<\/div>\n\n\n\n<div class=\"wp-block-column is-layout-flow wp-block-column-is-layout-flow\" style=\"flex-basis:33.33%\">\n<h2 class=\"wp-block-heading\"><i class=\"fas fa-hand-holding-usd\"><\/i> Kostensenkungsstrategien<\/h2>\n\n\n\n<p>Durch unser Netzwerk, das Sie derzeit bei Direktlieferanten oder Franchise-H\u00e4ndlern kaufen, k\u00f6nnen wir Ihnen Geld sparen, wenn Sie bestimmte hochpreisige, hochlaufende Produkte kaufen.<\/p>\n<\/div>\n\n\n\n<div class=\"wp-block-column is-layout-flow wp-block-column-is-layout-flow\" style=\"flex-basis:33.33%\">\n<h2 class=\"wp-block-heading\"><i class=\"fas fa-pencil-ruler\"><\/i> Design &amp; Engineering<\/h2>\n\n\n\n<p>Wir liefern Kundennutzen, indem wir uns auf Produkt- und Prozessinnovationen konzentrieren. Die Kruse Electronics AG bietet au\u00dfergew\u00f6hnliche Dienstleistungen, darunter L\u00f6sungen, Design-In-Services, technischen Support und Logistik.<\/p>\n<\/div>\n<\/div>\n\n\n\n<div class=\"wp-block-columns services-content service-top-bottom is-layout-flex wp-container-core-columns-is-layout-9d6595d7 wp-block-columns-is-layout-flex\">\n<div class=\"wp-block-column is-layout-flow wp-block-column-is-layout-flow\" style=\"flex-basis:100%\">\n<h2 class=\"wp-block-heading\"><i class=\"fas fa-shipping-fast\"><\/i> L\u00f6sungen liefern<\/h2>\n\n\n\n<p>Kruse Electronics ist Ihr internationaler Partner f\u00fcr komplexe Elektronikl\u00f6sungen entlang Ihrer gesamten Supply Chain.<\/p>\n\n\n\n<p>Kruse Electronics konzentriert sich auf Produkt- und Prozessinnovation und bietet au\u00dfergew\u00f6hnliche Dienstleistungen, darunter L\u00f6sungen, Design-In-Services, technischen Support und Logistik.<\/p>\n\n\n\n<p>Unser Service ist erst dann optimal, wenn wir eine L\u00f6sung finden, die zur Wertsch\u00f6pfung beitr\u00e4gt und unserem Kunden einen Wettbewerbsvorteil verschafft.<\/p>\n\n\n\n<p><strong>Wir liefern Kundennutzen durch:<\/strong><\/p>\n\n\n\n<ul class=\"wp-block-list\"><li>Technischer Support<\/li><li>Entwicklungswerkzeuge<\/li><li>Muster<\/li><li>Kundenerwartungen regelm\u00e4\u00dfig \u00fcbertreffen<\/li><li>Kundenversprechen st\u00e4ndig erf\u00fcllen<\/li><li>Einhaltung staatlicher Vorschriften<\/li><\/ul>\n<\/div>\n<\/div>\n\n\n\n<div class=\"wp-block-columns services-content service-top-bottom is-layout-flex wp-container-core-columns-is-layout-9d6595d7 wp-block-columns-is-layout-flex\">\n<div class=\"wp-block-column is-layout-flow wp-block-column-is-layout-flow\" style=\"flex-basis:33.33%\">\n<h2 class=\"wp-block-heading\"><i class=\"fas fa-hourglass-half\"><\/i> End of Life \/ Obsoleszenz<\/h2>\n\n\n\n<p>Mit unserem Netzwerk sind wir in der Lage, diese kritischen \u201eEnd of Life\u201c (EOL)-Teile zu beschaffen oder Ersatzl\u00f6sungen anzubieten. Kruse kann Ihnen helfen, Produktlebenszyklen zu verwalten und \u00c4nderungen proaktiv zu planen, damit Sie Unterbrechungen der Lieferkette einfach vermeiden k\u00f6nnen.<\/p>\n<\/div>\n\n\n\n<div class=\"wp-block-column is-layout-flow wp-block-column-is-layout-flow\" style=\"flex-basis:33.33%\">\n<h2 class=\"wp-block-heading\"><i class=\"fas fa-cubes\"><\/i> \u00dcberbestande<\/h2>\n\n\n\n<p>Kruse bietet eine Reihe von Standardl\u00f6sungen zur Bestandsf\u00fchrung und -reduzierung an. Unsere Expertise besteht darin, M\u00e4rkte zu schaffen, um dieses \u00fcbersch\u00fcssige Produkt f\u00fcr Sie zu transportieren, indem wir M\u00e4rkte an anderen Standorten schaffen, um Ihren ROI zu maximieren.\n\u00dcberbest\u00e4nde bewerten und kapitalisieren: Aufkauf, Vermarktung, Kommission.<\/p>\n<\/div>\n\n\n\n<div class=\"wp-block-column is-layout-flow wp-block-column-is-layout-flow\" style=\"flex-basis:33.33%\">\n<h2 class=\"wp-block-heading\"><i class=\"fas fa-globe\"><\/i> Globale Beschaffung und Logistik<\/h2>\n\n\n\n<p>Als f\u00fchrender distributor, elektronischer Komponenten bietet Kruse eine schnelle, faire, globale Komponentenbeschaffung.<\/p>\n\n\n\n<p>Kruse hat starke Beziehungen zu regionalen Lieferanten, um die Kundennachfrage zu unterst\u00fctzen. Unser globales Logistikteam, das sich daf\u00fcr einsetzt, sicherzustellen, dass das von uns versendete Produkt effizient und p\u00fcnktlich ankommt.<\/p>\n<\/div>\n<\/div>\n\n\n\n<div class=\"wp-block-columns services-content service-top is-layout-flex wp-container-core-columns-is-layout-9d6595d7 wp-block-columns-is-layout-flex\">\n<div class=\"wp-block-column is-layout-flow wp-block-column-is-layout-flow\" style=\"flex-basis:33.33%\">\n<h2 class=\"wp-block-heading\"><i class=\"fas fa-file-invoice\"><\/i> Bestandsverwaltung<\/h2>\n\n\n\n<p>Wir k\u00f6nnen Material f\u00fcr Sie in einem unserer Logistik- und Qualit\u00e4tszentren aufbewahren und Ihnen bei Bedarf durch ma\u00dfgeschneiderte Vereinbarungen, die Ihren Bed\u00fcrfnissen entsprechen, zusenden.<\/p>\n<\/div>\n\n\n\n<div class=\"wp-block-column is-layout-flow wp-block-column-is-layout-flow\" style=\"flex-basis:33.33%\">\n<h2 class=\"wp-block-heading\"><i class=\"fas fa-box-open\"><\/i> Kitting<\/h2>\n\n\n\n<p>Kruse kann elektronische Komponenten backen, etikettieren und verpacken, um sie in Ihrem Namen als eine Einheit zu versenden.<\/p>\n<\/div>\n\n\n\n<div class=\"wp-block-column is-layout-flow wp-block-column-is-layout-flow\" style=\"flex-basis:33.33%\">\n<h2 class=\"wp-block-heading\"><i class=\"fas fa-star-of-life\"><\/i> Sonderbeschaffung<\/h2>\n\n\n\n<p>Die Beschaffungsteams von Kruse haben Zugang zu Milliarden elektronischer Teile weltweit und wissen, wie man sich auf dem schwankenden Markt f\u00fcr elektronische Komponenten zurechtfindet, auf dem Engp\u00e4sse bestehen.<\/p>\n\n\n\n<p>Schnelle alternative L\u00f6sungen zur Deckung Ihres akuten Bauteilbedarfs.<\/p>\n<\/div>\n<\/div>\n","protected":false},"excerpt":{"rendered":"<p>Dienstleistungen Lieferkettenl\u00f6sungen f\u00fcr Elektronikkomponenten BOM-Auswertungen\/AML-Alternativl\u00f6sungen Unsere Experten bieten St\u00fccklistenauswertungen und alternative Cross-L\u00f6sungen an. Kostensenkungsstrategien Durch unser Netzwerk, das Sie derzeit bei Direktlieferanten oder Franchise-H\u00e4ndlern kaufen, k\u00f6nnen wir Ihnen Geld sparen, wenn Sie bestimmte hochpreisige, hochlaufende Produkte kaufen. Design &amp; Engineering Wir liefern Kundennutzen, indem wir uns auf Produkt- und Prozessinnovationen konzentrieren. Die Kruse Electronics AG &hellip; <\/p>\n<p class=\"link-more\"><a href=\"https:\/\/www.kruse.swiss\/de\/dienstleistungen\/\" class=\"more-link\"><span class=\"screen-reader-text\">\u201eDienstleistungen\u201c<\/span> weiterlesen<\/a><\/p>\n","protected":false},"author":1,"featured_media":1072,"parent":0,"menu_order":0,"comment_status":"closed","ping_status":"open","template":"","meta":{"footnotes":""},"class_list":["post-1070","page","type-page","status-publish","has-post-thumbnail","hentry"],"_links":{"self":[{"href":"https:\/\/www.kruse.swiss\/de\/wp-json\/wp\/v2\/pages\/1070","targetHints":{"allow":["GET"]}}],"collection":[{"href":"https:\/\/www.kruse.swiss\/de\/wp-json\/wp\/v2\/pages"}],"about":[{"href":"https:\/\/www.kruse.swiss\/de\/wp-json\/wp\/v2\/types\/page"}],"author":[{"embeddable":true,"href":"https:\/\/www.kruse.swiss\/de\/wp-json\/wp\/v2\/users\/1"}],"replies":[{"embeddable":true,"href":"https:\/\/www.kruse.swiss\/de\/wp-json\/wp\/v2\/comments?post=1070"}],"version-history":[{"count":15,"href":"https:\/\/www.kruse.swiss\/de\/wp-json\/wp\/v2\/pages\/1070\/revisions"}],"predecessor-version":[{"id":1280,"href":"https:\/\/www.kruse.swiss\/de\/wp-json\/wp\/v2\/pages\/1070\/revisions\/1280"}],"wp:featuredmedia":[{"embeddable":true,"href":"https:\/\/www.kruse.swiss\/de\/wp-json\/wp\/v2\/media\/1072"}],"wp:attachment":[{"href":"https:\/\/www.kruse.swiss\/de\/wp-json\/wp\/v2\/media?parent=1070"}],"curies":[{"name":"wp","href":"https:\/\/api.w.org\/{rel}","templated":true}]}}