{"id":1094,"date":"2023-01-09T10:15:33","date_gmt":"2023-01-09T10:15:33","guid":{"rendered":"https:\/\/www.kruse.swiss\/branchen\/"},"modified":"2023-01-09T10:52:52","modified_gmt":"2023-01-09T10:52:52","slug":"branchen","status":"publish","type":"page","link":"https:\/\/www.kruse.swiss\/de\/branchen\/","title":{"rendered":"Branchen"},"content":{"rendered":"\n<div class=\"wp-block-columns top-heading-section is-layout-flex wp-container-core-columns-is-layout-9d6595d7 wp-block-columns-is-layout-flex\">\n<div class=\"wp-block-column top-heading-content is-layout-flow wp-block-column-is-layout-flow\" style=\"flex-basis:100%\">\n<h3 class=\"wp-block-heading\">Branchen<\/h3>\n\n\n\n<h2 class=\"wp-block-heading\">Supply-Chain-L\u00f6sungen f\u00fcr verschiedene Branchen<\/h2>\n<\/div>\n<\/div>\n\n\n<div class=\"industries-content\"><div id=\"flipbox-widget-1101\" class=\"cfb_wrapper layout-8 flex-row\" data-flipboxid=\"flipbox-widget-1101\"><div class=\"flex-col-md-4 cfb-box-1 cfb-box-wrapper\" >\r\n            <div class=\"flipbox-container cfb-layout-8 cfb-flip\" data-effect=\"y\" data-height=\"equal\" style=\"color:#000000\">\r\n              <div class=\"flipbox-front-layout flipbox-front-filled cfb-data\" >\r\n                <div class=\"flipbox-frontImg\" style=\"background-image: url(https:\/\/www.kruse.swiss\/wp-content\/uploads\/2022\/11\/Automotive-Transportation-N.jpg);\">                \r\n                  <div class=\"flipbox-front-description\" ><h4  style=\"color:#000000\">Automotive \/ Transport<\/h4>\r\n                    <p  style=\"color:#000000\">Beste L\u00f6sungen kombiniert mit exzellenten Services<\/p>\r\n                  <\/div>\r\n              <\/div>\r\n              <\/div>\r\n              <div class=\"flipbox-back-layout flipbox-background-img cfb-data\" style=\"background-image: url(https:\/\/www.kruse.swiss\/wp-content\/uploads\/2022\/11\/Automotive-Transportation-N.jpg);\">\r\n                <p  style=\"color:#000000\"><p>L\u00f6sungen<\/p>\r\n<ul>\r\n<li>Automobil<\/li>\r\n<li>LKW-Transport<\/li>\r\n<li>Logistik<\/li>\r\n<li>Maritim<\/li>\r\n<li>Schiene<\/li>\r\n<li>Versand<\/li>\r\n<\/ul><\/p><\/div>\r\n            <\/div>\r\n          <\/div><div class=\"flex-col-md-4 cfb-box-2 cfb-box-wrapper\" >\r\n            <div class=\"flipbox-container cfb-layout-8 cfb-flip\" data-effect=\"y\" data-height=\"equal\" style=\"color:#000000\">\r\n              <div class=\"flipbox-front-layout flipbox-front-filled cfb-data\" >\r\n                <div class=\"flipbox-frontImg\" style=\"background-image: url(https:\/\/www.kruse.swiss\/wp-content\/uploads\/2022\/11\/Lighting-Displays.jpg);\">                \r\n                  <div class=\"flipbox-front-description\" ><h4  style=\"color:#000000\">Beleuchtung \/ Anzeigen<\/h4>\r\n                    <p  style=\"color:#000000\">Display- und Beleuchtungstechnik-L\u00f6sungen f\u00fcr professionelle Anwendungen<\/p>\r\n                  <\/div>\r\n              <\/div>\r\n              <\/div>\r\n              <div class=\"flipbox-back-layout flipbox-background-img cfb-data\" style=\"background-image: url(https:\/\/www.kruse.swiss\/wp-content\/uploads\/2022\/11\/Lighting-Displays.jpg);\">\r\n                <p  style=\"color:#000000\"><p>L\u00f6sungen<\/p>\r\n<ul>\r\n<li>Au\u00dfenbeleuchtung f\u00fcr Automobil-, Unterhaltungs- und Industrieanwendungen<\/li>\r\n<li>Digitale Signatur<\/li>\r\n<li>Innenbeleuchtung f\u00fcr Automobil- und Industrieanwendungen<\/li>\r\n<li>Interaktiver Kiosk<\/li>\r\n<li>Stra\u00dfenbeleuchtung<\/li>\r\n<\/ul><\/p><\/div>\r\n            <\/div>\r\n          <\/div><div class=\"flex-col-md-4 cfb-box-3 cfb-box-wrapper\" >\r\n            <div class=\"flipbox-container cfb-layout-8 cfb-flip\" data-effect=\"y\" data-height=\"equal\" style=\"color:#000000\">\r\n              <div class=\"flipbox-front-layout flipbox-front-filled cfb-data\" >\r\n                <div class=\"flipbox-frontImg\" style=\"background-image: url(https:\/\/www.kruse.swiss\/wp-content\/uploads\/2022\/11\/Cloud-High-Performance-Computing.jpg);\">                \r\n                  <div class=\"flipbox-front-description\" ><h4  style=\"color:#000000\">Cloud \/ High Performance Computing<\/h4>\r\n                    <p  style=\"color:#000000\">F\u00f6rderung von Entdeckungen und Innovationen zur L\u00f6sung der komplexesten Herausforderungen der Welt<\/p>\r\n                  <\/div>\r\n              <\/div>\r\n              <\/div>\r\n              <div class=\"flipbox-back-layout flipbox-background-img cfb-data\" style=\"background-image: url(https:\/\/www.kruse.swiss\/wp-content\/uploads\/2022\/11\/Cloud-High-Performance-Computing.jpg);\">\r\n                <p  style=\"color:#000000\"><p>L\u00f6sungen<\/p>\r\n<ul>\r\n<li>Finanztechnologie<\/li>\r\n<li>Forschungslabore<\/li>\r\n<li>Lebenswissenschaften<\/li>\r\n<\/ul><\/p><\/div>\r\n            <\/div>\r\n          <\/div><div class=\"flex-col-md-4 cfb-box-4 cfb-box-wrapper\" >\r\n            <div class=\"flipbox-container cfb-layout-8 cfb-flip\" data-effect=\"y\" data-height=\"equal\" style=\"color:#000000\">\r\n              <div class=\"flipbox-front-layout flipbox-front-filled cfb-data\" >\r\n                <div class=\"flipbox-frontImg\" style=\"background-image: url(https:\/\/www.kruse.swiss\/wp-content\/uploads\/2022\/11\/Consumer-IOT.jpg);\">                \r\n                  <div class=\"flipbox-front-description\" ><h4  style=\"color:#000000\">Consumer \/ IOT<\/h4>\r\n                    <p  style=\"color:#000000\">L\u00f6sungen zur Erf\u00fcllung der IoT-Anforderungen<\/p>\r\n                  <\/div>\r\n              <\/div>\r\n              <\/div>\r\n              <div class=\"flipbox-back-layout flipbox-background-img cfb-data\" style=\"background-image: url(https:\/\/www.kruse.swiss\/wp-content\/uploads\/2022\/11\/Consumer-IOT.jpg);\">\r\n                <p  style=\"color:#000000\"><p>L\u00f6sungen<\/p>\r\n<ul>\r\n<li>Ausr\u00fcstung f\u00fcr Fitness<\/li>\r\n<li>HMI &amp; Steuerung<\/li>\r\n<li>Home-Entertainment<\/li>\r\n<li>Intelligente Haushaltsger\u00e4te<\/li>\r\n<li>Intelligente Fertigung<\/li>\r\n<li>Smartphones<\/li>\r\n<li>Tragf\u00e4hig<\/li>\r\n<\/ul><\/p><\/div>\r\n            <\/div>\r\n          <\/div><div class=\"flex-col-md-4 cfb-box-5 cfb-box-wrapper\" >\r\n            <div class=\"flipbox-container cfb-layout-8 cfb-flip\" data-effect=\"y\" data-height=\"equal\" style=\"color:#000000\">\r\n              <div class=\"flipbox-front-layout flipbox-front-filled cfb-data\" >\r\n                <div class=\"flipbox-frontImg\" style=\"background-image: url(https:\/\/www.kruse.swiss\/wp-content\/uploads\/2022\/11\/Printing.jpg);\">                \r\n                  <div class=\"flipbox-front-description\" ><h4  style=\"color:#000000\">Druckinstrustrie<\/h4>\r\n                    <p  style=\"color:#000000\">H\u00f6chste Druckkomponenten<\/p>\r\n                  <\/div>\r\n              <\/div>\r\n              <\/div>\r\n              <div class=\"flipbox-back-layout flipbox-background-img cfb-data\" style=\"background-image: url(https:\/\/www.kruse.swiss\/wp-content\/uploads\/2022\/11\/Printing.jpg);\">\r\n                <p  style=\"color:#000000\"><p>L\u00f6sungen<\/p>\r\n<ul>\r\n<li>Digitale Drucksysteme<\/li>\r\n<\/ul><\/p><\/div>\r\n            <\/div>\r\n          <\/div><div class=\"flex-col-md-4 cfb-box-6 cfb-box-wrapper\" >\r\n            <div class=\"flipbox-container cfb-layout-8 cfb-flip\" data-effect=\"y\" data-height=\"equal\" style=\"color:#000000\">\r\n              <div class=\"flipbox-front-layout flipbox-front-filled cfb-data\" >\r\n                <div class=\"flipbox-frontImg\" style=\"background-image: url(https:\/\/www.kruse.swiss\/wp-content\/uploads\/2022\/11\/Retail.jpg);\">                \r\n                  <div class=\"flipbox-front-description\" ><h4  style=\"color:#000000\">Einzelhandel<\/h4>\r\n                    <p  style=\"color:#000000\">Sichere Point-of-Sale-Technologiekomponenten<\/p>\r\n                  <\/div>\r\n              <\/div>\r\n              <\/div>\r\n              <div class=\"flipbox-back-layout flipbox-background-img cfb-data\" style=\"background-image: url(https:\/\/www.kruse.swiss\/wp-content\/uploads\/2022\/11\/Retail.jpg);\">\r\n                <p  style=\"color:#000000\"><p>L\u00f6sungen<\/p>\r\n<ul>\r\n<li>Banknotenleser\/-pr\u00fcfer<\/li>\r\n<li>Geldausgabeautomaten\/Recycler<\/li>\r\n<li>Geldautomaten<\/li>\r\n<li>Kassen<\/li>\r\n<li>POS-Terminals<\/li>\r\n<li>Verkaufsautomaten usw<\/li>\r\n<\/ul><\/p><\/div>\r\n            <\/div>\r\n          <\/div><div class=\"flex-col-md-4 cfb-box-7 cfb-box-wrapper\" >\r\n            <div class=\"flipbox-container cfb-layout-8 cfb-flip\" data-effect=\"y\" data-height=\"equal\" style=\"color:#000000\">\r\n              <div class=\"flipbox-front-layout flipbox-front-filled cfb-data\" >\r\n                <div class=\"flipbox-frontImg\" style=\"background-image: url(https:\/\/www.kruse.swiss\/wp-content\/uploads\/2022\/11\/Eneregy-Mertering.jpg);\">                \r\n                  <div class=\"flipbox-front-description\" ><h4  style=\"color:#000000\">Energie\/ ErneuerbareEnergien<\/h4>\r\n                    <p  style=\"color:#000000\">Qualit\u00e4tskomponenten, die Sie f\u00fcr Ihre Energieanwendungen ben\u00f6tigen<\/p>\r\n                  <\/div>\r\n              <\/div>\r\n              <\/div>\r\n              <div class=\"flipbox-back-layout flipbox-background-img cfb-data\" style=\"background-image: url(https:\/\/www.kruse.swiss\/wp-content\/uploads\/2022\/11\/Eneregy-Mertering.jpg);\">\r\n                <p  style=\"color:#000000\"><p>L\u00f6sungen<\/p>\r\n<ul>\r\n<li>Datenerfassung f\u00fcr Strom, Gas, Heizung und Wasser<\/li>\r\n<li>Energiespeicher<\/li>\r\n<li>Intelligente Messung<\/li>\r\n<li>Solarenergie<\/li>\r\n<li>Schwei\u00dfger\u00e4te<\/li>\r\n<li>Wasserkraft<\/li>\r\n<li>Windkraft<\/li>\r\n<\/ul><\/p><\/div>\r\n            <\/div>\r\n          <\/div><div class=\"flex-col-md-4 cfb-box-8 cfb-box-wrapper\" >\r\n            <div class=\"flipbox-container cfb-layout-8 cfb-flip\" data-effect=\"y\" data-height=\"equal\" style=\"color:#000000\">\r\n              <div class=\"flipbox-front-layout flipbox-front-filled cfb-data\" >\r\n                <div class=\"flipbox-frontImg\" style=\"background-image: url(https:\/\/www.kruse.swiss\/wp-content\/uploads\/2022\/11\/Gaming.jpg);\">                \r\n                  <div class=\"flipbox-front-description\" ><h4  style=\"color:#000000\">Gaming<\/h4>\r\n                    <p  style=\"color:#000000\">Komponenten f\u00fcr Spa\u00df am Spiel<\/p>\r\n                  <\/div>\r\n              <\/div>\r\n              <\/div>\r\n              <div class=\"flipbox-back-layout flipbox-background-img cfb-data\" style=\"background-image: url(https:\/\/www.kruse.swiss\/wp-content\/uploads\/2022\/11\/Gaming.jpg);\">\r\n                <p  style=\"color:#000000\"><p>L\u00f6sungen<\/p>\r\n<ul>\r\n<li>Eingebettete Peripherieger\u00e4te<\/li>\r\n<li>HMI<\/li>\r\n<li>Industrie 4.0<\/li>\r\n<li>Fertigungsroboter<\/li>\r\n<li>Motorsteuerungen<\/li>\r\n<li>Positions-Encoder<\/li>\r\n<li>Speicherprogrammierbare Steuerungen<\/li>\r\n<li>Servoantrieb<\/li>\r\n<li>Belegschaft<\/li>\r\n<\/ul><\/p><\/div>\r\n            <\/div>\r\n          <\/div><div class=\"flex-col-md-4 cfb-box-9 cfb-box-wrapper\" >\r\n            <div class=\"flipbox-container cfb-layout-8 cfb-flip\" data-effect=\"y\" data-height=\"equal\" style=\"color:#000000\">\r\n              <div class=\"flipbox-front-layout flipbox-front-filled cfb-data\" >\r\n                <div class=\"flipbox-frontImg\" style=\"background-image: url(https:\/\/www.kruse.swiss\/wp-content\/uploads\/2022\/11\/Industrial.jpg);\">                \r\n                  <div class=\"flipbox-front-description\" ><h4  style=\"color:#000000\">Industrie<\/h4>\r\n                    <p  style=\"color:#000000\">Beschaffung hochwertiger Komponenten zur Aufrechterhaltung Ihrer Produktionslinien<\/p>\r\n                  <\/div>\r\n              <\/div>\r\n              <\/div>\r\n              <div class=\"flipbox-back-layout flipbox-background-img cfb-data\" style=\"background-image: url(https:\/\/www.kruse.swiss\/wp-content\/uploads\/2022\/11\/Industrial.jpg);\">\r\n                <p  style=\"color:#000000\"><p>L\u00f6sungen<\/p>\r\n<ul>\r\n<li>Belegschaft<\/li>\r\n<li>Eingebettete Peripherieger\u00e4te<\/li>\r\n<li>Fertigungsroboter<\/li>\r\n<li>HMI<\/li>\r\n<li>Industrie 4.0<\/li>\r\n<li>Motorsteuerungen<\/li>\r\n<li>Positions-Encoder<\/li>\r\n<li>Speicherprogrammierbare Steuerungen<\/li>\r\n<li>Servoantrieb<\/li>\r\n<\/ul><\/p><\/div>\r\n            <\/div>\r\n          <\/div><div class=\"flex-col-md-4 cfb-box-10 cfb-box-wrapper\" >\r\n            <div class=\"flipbox-container cfb-layout-8 cfb-flip\" data-effect=\"y\" data-height=\"equal\" style=\"color:#000000\">\r\n              <div class=\"flipbox-front-layout flipbox-front-filled cfb-data\" >\r\n                <div class=\"flipbox-frontImg\" style=\"background-image: url(https:\/\/www.kruse.swiss\/wp-content\/uploads\/2022\/11\/Communications-Networking-N.jpg);\">                \r\n                  <div class=\"flipbox-front-description\" ><h4  style=\"color:#000000\">Kommunikation \/ Networking<\/h4>\r\n                    <p  style=\"color:#000000\">Solide Kommunikationsl\u00f6sungen zur Erf\u00fcllung der Branchenanforderungen<\/p>\r\n                  <\/div>\r\n              <\/div>\r\n              <\/div>\r\n              <div class=\"flipbox-back-layout flipbox-background-img cfb-data\" style=\"background-image: url(https:\/\/www.kruse.swiss\/wp-content\/uploads\/2022\/11\/Communications-Networking-N.jpg);\">\r\n                <p  style=\"color:#000000\"><p>L\u00f6sungen<\/p>\r\n<ul>\r\n<li>Drahtlos und mobil<\/li>\r\n<li>Hardware-Wartung<\/li>\r\n<li>Rundfunk<\/li>\r\n<li>Texte<\/li>\r\n<li>Video<\/li>\r\n<\/ul><\/p><\/div>\r\n            <\/div>\r\n          <\/div><div class=\"flex-col-md-4 cfb-box-11 cfb-box-wrapper\" >\r\n            <div class=\"flipbox-container cfb-layout-8 cfb-flip\" data-effect=\"y\" data-height=\"equal\" style=\"color:#000000\">\r\n              <div class=\"flipbox-front-layout flipbox-front-filled cfb-data\" >\r\n                <div class=\"flipbox-frontImg\" style=\"background-image: url(https:\/\/www.kruse.swiss\/wp-content\/uploads\/2022\/11\/Aerospace-Defense-Space-N.jpg);\">                \r\n                  <div class=\"flipbox-front-description\" ><h4  style=\"color:#000000\">Luft- und Raumfahrt \/ Verteidigung \/ Raumfahrt<\/h4>\r\n                    <p  style=\"color:#000000\">Qualit\u00e4tsteile f\u00fcr kritische Branchen<\/p>\r\n                  <\/div>\r\n              <\/div>\r\n              <\/div>\r\n              <div class=\"flipbox-back-layout flipbox-background-img cfb-data\" style=\"background-image: url(https:\/\/www.kruse.swiss\/wp-content\/uploads\/2022\/11\/Aerospace-Defense-Space-N.jpg);\">\r\n                <p  style=\"color:#000000\"><p>L\u00f6sungen<\/p>\r\n<ul>\r\n<li>Motoren<\/li>\r\n<li>Navigationssysteme<\/li>\r\n<li>Radioteile<\/li>\r\n<li>Stromversorgungen<\/li>\r\n<li>Satellitenkommunikation<\/li>\r\n<li>Verkehrs\u00fcberwachung<\/li>\r\n<li>Wetterradar<\/li>\r\n<\/ul><\/p><\/div>\r\n            <\/div>\r\n          <\/div><div class=\"flex-col-md-4 cfb-box-12 cfb-box-wrapper\" >\r\n            <div class=\"flipbox-container cfb-layout-8 cfb-flip\" data-effect=\"y\" data-height=\"equal\" style=\"color:#000000\">\r\n              <div class=\"flipbox-front-layout flipbox-front-filled cfb-data\" >\r\n                <div class=\"flipbox-frontImg\" style=\"background-image: url(https:\/\/www.kruse.swiss\/wp-content\/uploads\/2022\/11\/Medical.jpg);\">                \r\n                  <div class=\"flipbox-front-description\" ><h4  style=\"color:#000000\">Medizin<\/h4>\r\n                    <p  style=\"color:#000000\">Zuverl\u00e4ssige Komponenten von Gesundheitsprodukten k\u00f6nnen lebensrettend sein<\/p>\r\n                  <\/div>\r\n              <\/div>\r\n              <\/div>\r\n              <div class=\"flipbox-back-layout flipbox-background-img cfb-data\" style=\"background-image: url(https:\/\/www.kruse.swiss\/wp-content\/uploads\/2022\/11\/Medical.jpg);\">\r\n                <p  style=\"color:#000000\"><p>L\u00f6sungen<\/p>\r\n<ul>\r\n<li>Computertomographie<\/li>\r\n<li>H\u00f6rger\u00e4te<\/li>\r\n<li>Krankenhausausstattung<\/li>\r\n<li>Medizinische Bildgebung f\u00fcr Zahn\u00e4rzte<\/li>\r\n<li>Pers\u00f6nliche Gesundheitsf\u00fcrsorge + Fitness<\/li>\r\n<\/ul><\/p><\/div>\r\n            <\/div>\r\n          <\/div><div class=\"flex-col-md-4 cfb-box-13 cfb-box-wrapper\" >\r\n            <div class=\"flipbox-container cfb-layout-8 cfb-flip\" data-effect=\"y\" data-height=\"equal\" style=\"color:#000000\">\r\n              <div class=\"flipbox-front-layout flipbox-front-filled cfb-data\" >\r\n                <div class=\"flipbox-frontImg\" style=\"background-image: url(https:\/\/www.kruse.swiss\/wp-content\/uploads\/2022\/11\/Robotics-AI.jpg);\">                \r\n                  <div class=\"flipbox-front-description\" ><h4  style=\"color:#000000\">Robotik \/ KI<\/h4>\r\n                    <p  style=\"color:#000000\">Hochwertige Komponentenl\u00f6sungen f\u00fcr mehr Automatisierung<\/p>\r\n                  <\/div>\r\n              <\/div>\r\n              <\/div>\r\n              <div class=\"flipbox-back-layout flipbox-background-img cfb-data\" style=\"background-image: url(https:\/\/www.kruse.swiss\/wp-content\/uploads\/2022\/11\/Robotics-AI.jpg);\">\r\n                <p  style=\"color:#000000\"><p>L\u00f6sungen<\/p>\r\n<ul>\r\n<li>Fertigungsroboter<\/li>\r\n<li>HMI<\/li>\r\n<li>Motorsteuerungen<\/li>\r\n<li>Positions-Encoder<\/li>\r\n<li>Speicherprogrammierbare Steuerungen<\/li>\r\n<li>Servoantrieb<\/li>\r\n<\/ul><\/p><\/div>\r\n            <\/div>\r\n          <\/div><div class=\"flex-col-md-4 cfb-box-14 cfb-box-wrapper\" >\r\n            <div class=\"flipbox-container cfb-layout-8 cfb-flip\" data-effect=\"y\" data-height=\"equal\" style=\"color:#000000\">\r\n              <div class=\"flipbox-front-layout flipbox-front-filled cfb-data\" >\r\n                <div class=\"flipbox-frontImg\" style=\"background-image: url(https:\/\/www.kruse.swiss\/wp-content\/uploads\/2023\/01\/Security-Technology.jpg);\">                \r\n                  <div class=\"flipbox-front-description\" ><h4  style=\"color:#000000\">Sicherheitstechning<\/h4>\r\n                    <p  style=\"color:#000000\">Sichere Technology-Komponenten<\/p>\r\n                  <\/div>\r\n              <\/div>\r\n              <\/div>\r\n              <div class=\"flipbox-back-layout flipbox-background-img cfb-data\" style=\"background-image: url(https:\/\/www.kruse.swiss\/wp-content\/uploads\/2023\/01\/Security-Technology.jpg);\">\r\n                <p  style=\"color:#000000\"><p>L\u00f6sungen<\/p>\r\n<ul>\r\n<li>Konnektivit\u00e4t<\/li>\r\n<li>Kontrollen<\/li>\r\n<li>HMI &amp; Steuerung<\/li>\r\n<li>Schlie\u00dfvorrichtungen<\/li>\r\n<li>Stromversorgung &amp; Management<\/li>\r\n<li>Sensoren<\/li>\r\n<li>\u00dcberwachung<\/li>\r\n<li>Schalter &amp; Schaltanlagen<\/li>\r\n<\/ul><\/p><\/div>\r\n            <\/div>\r\n          <\/div><div class=\"flex-col-md-4 cfb-box-15 cfb-box-wrapper\" >\r\n            <div class=\"flipbox-container cfb-layout-8 cfb-flip\" data-effect=\"y\" data-height=\"equal\" style=\"color:#000000\">\r\n              <div class=\"flipbox-front-layout flipbox-front-filled cfb-data\" >\r\n                <div class=\"flipbox-frontImg\" style=\"background-image: url(https:\/\/www.kruse.swiss\/wp-content\/uploads\/2022\/11\/Enterprise-Servers-Storage.jpg);\">                \r\n                  <div class=\"flipbox-front-description\" ><h4  style=\"color:#000000\">Unternehmen \/ Server \/ Speicher<\/h4>\r\n                    <p  style=\"color:#000000\">Komponentenl\u00f6sungen zur Erm\u00f6glichung sicherer und stabiler Verbindungen<\/p>\r\n                  <\/div>\r\n              <\/div>\r\n              <\/div>\r\n              <div class=\"flipbox-back-layout flipbox-background-img cfb-data\" style=\"background-image: url(https:\/\/www.kruse.swiss\/wp-content\/uploads\/2022\/11\/Enterprise-Servers-Storage.jpg);\">\r\n                <p  style=\"color:#000000\"><p>L\u00f6sungen<\/p>\r\n<ul>\r\n<li>Belegschaft<\/li>\r\n<li>Datenspeicher<\/li>\r\n<li>Industrie<\/li>\r\n<li>Infrastruktur<\/li>\r\n<li>Server<\/li>\r\n<li>Sicherheit<\/li>\r\n<li>Spitze<\/li>\r\n<\/ul><\/p><\/div>\r\n            <\/div>\r\n          <\/div><\/div><\/div>\n","protected":false},"excerpt":{"rendered":"<p>Branchen Supply-Chain-L\u00f6sungen f\u00fcr verschiedene Branchen<\/p>\n","protected":false},"author":1,"featured_media":1096,"parent":0,"menu_order":0,"comment_status":"closed","ping_status":"closed","template":"","meta":{"footnotes":""},"class_list":["post-1094","page","type-page","status-publish","has-post-thumbnail","hentry"],"_links":{"self":[{"href":"https:\/\/www.kruse.swiss\/de\/wp-json\/wp\/v2\/pages\/1094","targetHints":{"allow":["GET"]}}],"collection":[{"href":"https:\/\/www.kruse.swiss\/de\/wp-json\/wp\/v2\/pages"}],"about":[{"href":"https:\/\/www.kruse.swiss\/de\/wp-json\/wp\/v2\/types\/page"}],"author":[{"embeddable":true,"href":"https:\/\/www.kruse.swiss\/de\/wp-json\/wp\/v2\/users\/1"}],"replies":[{"embeddable":true,"href":"https:\/\/www.kruse.swiss\/de\/wp-json\/wp\/v2\/comments?post=1094"}],"version-history":[{"count":3,"href":"https:\/\/www.kruse.swiss\/de\/wp-json\/wp\/v2\/pages\/1094\/revisions"}],"predecessor-version":[{"id":1102,"href":"https:\/\/www.kruse.swiss\/de\/wp-json\/wp\/v2\/pages\/1094\/revisions\/1102"}],"wp:featuredmedia":[{"embeddable":true,"href":"https:\/\/www.kruse.swiss\/de\/wp-json\/wp\/v2\/media\/1096"}],"wp:attachment":[{"href":"https:\/\/www.kruse.swiss\/de\/wp-json\/wp\/v2\/media?parent=1094"}],"curies":[{"name":"wp","href":"https:\/\/api.w.org\/{rel}","templated":true}]}}