{"id":1138,"date":"2023-01-10T19:20:03","date_gmt":"2023-01-10T19:20:03","guid":{"rendered":"https:\/\/www.kruse.swiss\/neuigkeiten\/"},"modified":"2023-01-20T12:57:19","modified_gmt":"2023-01-20T12:57:19","slug":"aktuelles","status":"publish","type":"page","link":"https:\/\/www.kruse.swiss\/de\/aktuelles\/","title":{"rendered":"Aktuelles"},"content":{"rendered":"\n<div class=\"wp-block-columns top-heading-section is-layout-flex wp-container-core-columns-is-layout-9d6595d7 wp-block-columns-is-layout-flex\">\n<div class=\"wp-block-column top-heading-content is-layout-flow wp-block-column-is-layout-flow\" style=\"flex-basis:100%\">\n<h3 class=\"wp-block-heading\">Aktuelles<\/h3>\n\n\n\n<h2 class=\"wp-block-heading\">Lesen Sie unsere neuesten Updates und Neuigkeiten<\/h2>\n<\/div>\n<\/div>\n\n\n<div class=\"all-news\">\r\n\t\t<div class=\"sp_wpspwpost_static wpspw-design-2 wpspw-grid-3 wpspw-clearfix \">\r\n\r\n\t\t\t\n<div class=\"wpspw-post-grid wpspw-medium-4 wpspw-columns  first\">\n\t<div class=\"wpspw-post-grid-content  \">\n\n\t\t\t\t\t<div class=\"wpspw-post-image-bg\">\n\t\t\t\t<a href=\"https:\/\/www.kruse.swiss\/de\/neues-franchise-kruse-electronics-ag-fuegt-golledge-mit-neuer-strategischer-vertriebsvereinbarung-zum-autorisierten-portfolio-hinzu\/\">\n\t\t\t\t\t<img decoding=\"async\" src=\"https:\/\/www.kruse.swiss\/wp-content\/uploads\/2023\/02\/Golledge.jpg\" alt=\"Neues Franchise \u2013 Kruse Electronics AG f\u00fcgt Golledge mit neuer strategischer Vertriebsvereinbarung zum autorisierten Portfolio hinzu\" \/>\n\t\t\t\t<\/a>\n\t\t\t\t\t\t\t<\/div>\n\t\t\t\t<div class=\"wpspw-post-details-wrapper\">\n\t\t\t\n\t\t\t<h2 class=\"wpspw-post-title\">\n\t\t\t\t<a href=\"https:\/\/www.kruse.swiss\/de\/neues-franchise-kruse-electronics-ag-fuegt-golledge-mit-neuer-strategischer-vertriebsvereinbarung-zum-autorisierten-portfolio-hinzu\/\">Neues Franchise \u2013 Kruse Electronics AG f\u00fcgt Golledge mit neuer strategischer Vertriebsvereinbarung zum autorisierten Portfolio hinzu<\/a>\n\t\t\t<\/h2>\n\n\t\t\t\t\t\t\t<div class=\"wpspw-post-content\">\n\t\t\t\t\t\t\t\t\t\t\t<div>Kruse Electronics AG ist jetzt autorisierter Distributor und Design-in-Partner f\u00fcr Golledge in ganz Deutschland und Europa. Als globaler...<\/div>\n\t\t\t\t\t\t<a class=\"wpspw-readmorebtn\" href=\"https:\/\/www.kruse.swiss\/de\/neues-franchise-kruse-electronics-ag-fuegt-golledge-mit-neuer-strategischer-vertriebsvereinbarung-zum-autorisierten-portfolio-hinzu\/\">Read More <i class=\"fas fa-long-arrow-alt-right\"><\/i><\/a>\n\t\t\t\t\t\t\t\t\t\t<\/div>\n\t\t\t\t\t\t\n\t\t\t\t\t<\/div>\n\t<\/div>\n<\/div>\n<div class=\"wpspw-post-grid wpspw-medium-4 wpspw-columns \">\n\t<div class=\"wpspw-post-grid-content  \">\n\n\t\t\t\t\t<div class=\"wpspw-post-image-bg\">\n\t\t\t\t<a href=\"https:\/\/www.kruse.swiss\/de\/konnektivitaetsloesungen-fuer-optische-netzwerke\/\">\n\t\t\t\t\t<img decoding=\"async\" src=\"https:\/\/www.kruse.swiss\/wp-content\/uploads\/2022\/12\/Connectivity-Solutions-For-Optical-Networks.jpg\" alt=\"Konnektivit\u00e4tsl\u00f6sungen f\u00fcr optische Netzwerke\" \/>\n\t\t\t\t<\/a>\n\t\t\t\t\t\t\t<\/div>\n\t\t\t\t<div class=\"wpspw-post-details-wrapper\">\n\t\t\t\n\t\t\t<h2 class=\"wpspw-post-title\">\n\t\t\t\t<a href=\"https:\/\/www.kruse.swiss\/de\/konnektivitaetsloesungen-fuer-optische-netzwerke\/\">Konnektivit\u00e4tsl\u00f6sungen f\u00fcr optische Netzwerke<\/a>\n\t\t\t<\/h2>\n\n\t\t\t\t\t\t\t<div class=\"wpspw-post-content\">\n\t\t\t\t\t\t\t\t\t\t\t<div>ATGBICS Kernproduktpalette besteht aus optischen Netzwerk-Transceivern, direkt angeschlossenen und aktiven optischen Kabeln und Glasfaserkabeln. Zur Erg\u00e4nzung des Kernproduktsortiments...<\/div>\n\t\t\t\t\t\t<a class=\"wpspw-readmorebtn\" href=\"https:\/\/www.kruse.swiss\/de\/konnektivitaetsloesungen-fuer-optische-netzwerke\/\">Read More <i class=\"fas fa-long-arrow-alt-right\"><\/i><\/a>\n\t\t\t\t\t\t\t\t\t\t<\/div>\n\t\t\t\t\t\t\n\t\t\t\t\t<\/div>\n\t<\/div>\n<\/div>\n<div class=\"wpspw-post-grid wpspw-medium-4 wpspw-columns  last\">\n\t<div class=\"wpspw-post-grid-content  \">\n\n\t\t\t\t\t<div class=\"wpspw-post-image-bg\">\n\t\t\t\t<a href=\"https:\/\/www.kruse.swiss\/de\/mcus-der-serie-apm32e103-f072-von-geehy-zertifiziert-nach-iec60730\/\">\n\t\t\t\t\t<img decoding=\"async\" src=\"https:\/\/www.kruse.swiss\/wp-content\/uploads\/2022\/12\/Geehy-MCUs-certified-to-IEC60730.jpg\" alt=\"MCUs der Serie APM32E103\/F072 von Geehy, zertifiziert nach IEC60730\" \/>\n\t\t\t\t<\/a>\n\t\t\t\t\t\t\t<\/div>\n\t\t\t\t<div class=\"wpspw-post-details-wrapper\">\n\t\t\t\n\t\t\t<h2 class=\"wpspw-post-title\">\n\t\t\t\t<a href=\"https:\/\/www.kruse.swiss\/de\/mcus-der-serie-apm32e103-f072-von-geehy-zertifiziert-nach-iec60730\/\">MCUs der Serie APM32E103\/F072 von Geehy, zertifiziert nach IEC60730<\/a>\n\t\t\t<\/h2>\n\n\t\t\t\t\t\t\t<div class=\"wpspw-post-content\">\n\t\t\t\t\t\t\t\t\t\t\t<div>K\u00fcrzlich haben die MCUs der Serie APM32E103\/APM32F072 von Geehy die Sicherheitsnorm IEC 60730 erfolgreich bestanden. Es bietet eine...<\/div>\n\t\t\t\t\t\t<a class=\"wpspw-readmorebtn\" href=\"https:\/\/www.kruse.swiss\/de\/mcus-der-serie-apm32e103-f072-von-geehy-zertifiziert-nach-iec60730\/\">Read More <i class=\"fas fa-long-arrow-alt-right\"><\/i><\/a>\n\t\t\t\t\t\t\t\t\t\t<\/div>\n\t\t\t\t\t\t\n\t\t\t\t\t<\/div>\n\t<\/div>\n<\/div>\n<div class=\"wpspw-post-grid wpspw-medium-4 wpspw-columns  first\">\n\t<div class=\"wpspw-post-grid-content  \">\n\n\t\t\t\t\t<div class=\"wpspw-post-image-bg\">\n\t\t\t\t<a href=\"https:\/\/www.kruse.swiss\/de\/chipanalog-hat-eine-neue-hochpraezise-spannungsreferenzquelle-mit-geringer-temperaturdrift\/\">\n\t\t\t\t\t<img decoding=\"async\" src=\"https:\/\/www.kruse.swiss\/wp-content\/uploads\/2022\/12\/Chipanalog-has-launched-a-new-high-precision-voltage-reference.jpg\" alt=\"Chipanalog hat eine neue hochpr\u00e4zise Spannungsreferenzquelle mit geringer Temperaturdrift (\" \/>\n\t\t\t\t<\/a>\n\t\t\t\t\t\t\t<\/div>\n\t\t\t\t<div class=\"wpspw-post-details-wrapper\">\n\t\t\t\n\t\t\t<h2 class=\"wpspw-post-title\">\n\t\t\t\t<a href=\"https:\/\/www.kruse.swiss\/de\/chipanalog-hat-eine-neue-hochpraezise-spannungsreferenzquelle-mit-geringer-temperaturdrift\/\">Chipanalog hat eine neue hochpr\u00e4zise Spannungsreferenzquelle mit geringer Temperaturdrift (<1ppm\/\u2103) auf den Markt gebracht!<\/a>\n\t\t\t<\/h2>\n\n\t\t\t\t\t\t\t<div class=\"wpspw-post-content\">\n\t\t\t\t\t\t\t\t\t\t\t<div>Als Anbieter von analogen Hochleistungschips hat Chipanalog die Entwicklung von Hightech in diesem Bereich stets aufrechterhalten und sich...<\/div>\n\t\t\t\t\t\t<a class=\"wpspw-readmorebtn\" href=\"https:\/\/www.kruse.swiss\/de\/chipanalog-hat-eine-neue-hochpraezise-spannungsreferenzquelle-mit-geringer-temperaturdrift\/\">Read More <i class=\"fas fa-long-arrow-alt-right\"><\/i><\/a>\n\t\t\t\t\t\t\t\t\t\t<\/div>\n\t\t\t\t\t\t\n\t\t\t\t\t<\/div>\n\t<\/div>\n<\/div>\n<div class=\"wpspw-post-grid wpspw-medium-4 wpspw-columns \">\n\t<div class=\"wpspw-post-grid-content  \">\n\n\t\t\t\t\t<div class=\"wpspw-post-image-bg\">\n\t\t\t\t<a href=\"https:\/\/www.kruse.swiss\/de\/smarte-luefter-fuer-smarter-white-goods\/\">\n\t\t\t\t\t<img decoding=\"async\" src=\"https:\/\/www.kruse.swiss\/wp-content\/uploads\/2022\/12\/Smart-Fans-For-Smart-White-Goods.jpg\" alt=\"Smarte L\u00fcfter F\u00fcr Smarter White Goods\" \/>\n\t\t\t\t<\/a>\n\t\t\t\t\t\t\t<\/div>\n\t\t\t\t<div class=\"wpspw-post-details-wrapper\">\n\t\t\t\n\t\t\t<h2 class=\"wpspw-post-title\">\n\t\t\t\t<a href=\"https:\/\/www.kruse.swiss\/de\/smarte-luefter-fuer-smarter-white-goods\/\">Smarte L\u00fcfter F\u00fcr Smarter White Goods<\/a>\n\t\t\t<\/h2>\n\n\t\t\t\t\t\t\t<div class=\"wpspw-post-content\">\n\t\t\t\t\t\t\t\t\t\t\t<div>Heutzutage werden an AC- und DC-L\u00fcfter mehr Anforderungen gestellt als nur die K\u00fchlung und Steuerung des Luftstroms in...<\/div>\n\t\t\t\t\t\t<a class=\"wpspw-readmorebtn\" href=\"https:\/\/www.kruse.swiss\/de\/smarte-luefter-fuer-smarter-white-goods\/\">Read More <i class=\"fas fa-long-arrow-alt-right\"><\/i><\/a>\n\t\t\t\t\t\t\t\t\t\t<\/div>\n\t\t\t\t\t\t\n\t\t\t\t\t<\/div>\n\t<\/div>\n<\/div>\n<div class=\"wpspw-post-grid wpspw-medium-4 wpspw-columns  last\">\n\t<div class=\"wpspw-post-grid-content  \">\n\n\t\t\t\t\t<div class=\"wpspw-post-image-bg\">\n\t\t\t\t<a href=\"https:\/\/www.kruse.swiss\/de\/die-globale-chipindustrie-wird-voraussichtlich-bis-2024-mehr-als-500-milliarden-us-dollar-in-neue-fabriken-investieren\/\">\n\t\t\t\t\t<img decoding=\"async\" src=\"https:\/\/www.kruse.swiss\/wp-content\/uploads\/2022\/12\/The-global-chip-industry-is-expected-to-invest-more-than-500-billion-in-new-factories.jpg\" alt=\"Die globale Chipindustrie wird voraussichtlich bis 2024 mehr als 500 Milliarden US-Dollar in neue Fabriken investieren\" \/>\n\t\t\t\t<\/a>\n\t\t\t\t\t\t\t<\/div>\n\t\t\t\t<div class=\"wpspw-post-details-wrapper\">\n\t\t\t\n\t\t\t<h2 class=\"wpspw-post-title\">\n\t\t\t\t<a href=\"https:\/\/www.kruse.swiss\/de\/die-globale-chipindustrie-wird-voraussichtlich-bis-2024-mehr-als-500-milliarden-us-dollar-in-neue-fabriken-investieren\/\">Die globale Chipindustrie wird voraussichtlich bis 2024 mehr als 500 Milliarden US-Dollar in neue Fabriken investieren<\/a>\n\t\t\t<\/h2>\n\n\t\t\t\t\t\t\t<div class=\"wpspw-post-content\">\n\t\t\t\t\t\t\t\t\t\t\t<div>Die weltweite Halbleiterindustrie wird voraussichtlich mehr als 500 Milliarden US-Dollar in 84 gro\u00dfvolumige Chipherstellungsanlagen investieren, die von 2021...<\/div>\n\t\t\t\t\t\t<a class=\"wpspw-readmorebtn\" href=\"https:\/\/www.kruse.swiss\/de\/die-globale-chipindustrie-wird-voraussichtlich-bis-2024-mehr-als-500-milliarden-us-dollar-in-neue-fabriken-investieren\/\">Read More <i class=\"fas fa-long-arrow-alt-right\"><\/i><\/a>\n\t\t\t\t\t\t\t\t\t\t<\/div>\n\t\t\t\t\t\t\n\t\t\t\t\t<\/div>\n\t<\/div>\n<\/div>\r\n\t\t\t\r\n\t\t<\/div><!-- end .sp_wpspwpost_static -->\r\n\r\n\t<\/div>\n","protected":false},"excerpt":{"rendered":"<p>Aktuelles Lesen Sie unsere neuesten Updates und Neuigkeiten<\/p>\n","protected":false},"author":1,"featured_media":1140,"parent":0,"menu_order":0,"comment_status":"closed","ping_status":"closed","template":"","meta":{"footnotes":""},"class_list":["post-1138","page","type-page","status-publish","has-post-thumbnail","hentry"],"_links":{"self":[{"href":"https:\/\/www.kruse.swiss\/de\/wp-json\/wp\/v2\/pages\/1138","targetHints":{"allow":["GET"]}}],"collection":[{"href":"https:\/\/www.kruse.swiss\/de\/wp-json\/wp\/v2\/pages"}],"about":[{"href":"https:\/\/www.kruse.swiss\/de\/wp-json\/wp\/v2\/types\/page"}],"author":[{"embeddable":true,"href":"https:\/\/www.kruse.swiss\/de\/wp-json\/wp\/v2\/users\/1"}],"replies":[{"embeddable":true,"href":"https:\/\/www.kruse.swiss\/de\/wp-json\/wp\/v2\/comments?post=1138"}],"version-history":[{"count":4,"href":"https:\/\/www.kruse.swiss\/de\/wp-json\/wp\/v2\/pages\/1138\/revisions"}],"predecessor-version":[{"id":1295,"href":"https:\/\/www.kruse.swiss\/de\/wp-json\/wp\/v2\/pages\/1138\/revisions\/1295"}],"wp:featuredmedia":[{"embeddable":true,"href":"https:\/\/www.kruse.swiss\/de\/wp-json\/wp\/v2\/media\/1140"}],"wp:attachment":[{"href":"https:\/\/www.kruse.swiss\/de\/wp-json\/wp\/v2\/media?parent=1138"}],"curies":[{"name":"wp","href":"https:\/\/api.w.org\/{rel}","templated":true}]}}