{"id":1175,"date":"2023-01-19T09:30:16","date_gmt":"2023-01-19T09:30:16","guid":{"rendered":"https:\/\/www.kruse.swiss\/ueber-uns\/"},"modified":"2023-01-28T03:20:26","modified_gmt":"2023-01-28T03:20:26","slug":"ueber-uns","status":"publish","type":"page","link":"https:\/\/www.kruse.swiss\/de\/ueber-uns\/","title":{"rendered":"\u00dcber uns"},"content":{"rendered":"\n<div class=\"wp-block-columns top-heading-section is-layout-flex wp-container-core-columns-is-layout-9d6595d7 wp-block-columns-is-layout-flex\">\n<div class=\"wp-block-column top-heading-content is-layout-flow wp-block-column-is-layout-flow\" style=\"flex-basis:100%\">\n<h3 class=\"wp-block-heading\">\u00dcber uns<\/h3>\n\n\n\n<h2 class=\"wp-block-heading\">Kruse bietet Supply Chain L\u00f6sungen f\u00fcr alle Arten von Unternehmen<\/h2>\n<\/div>\n<\/div>\n\n\n\n<div class=\"wp-block-columns about-us-section is-layout-flex wp-container-core-columns-is-layout-9d6595d7 wp-block-columns-is-layout-flex\">\n<div class=\"wp-block-column is-vertically-aligned-center about-us-image is-layout-flow wp-block-column-is-layout-flow\" style=\"flex-basis:30%\">\n<figure class=\"wp-block-image size-full\"><img loading=\"lazy\" decoding=\"async\" width=\"370\" height=\"312\" src=\"https:\/\/www.kruse.swiss\/wp-content\/uploads\/2022\/12\/Added-Value.jpg\" alt=\"\" class=\"wp-image-701\" srcset=\"https:\/\/www.kruse.swiss\/wp-content\/uploads\/2022\/12\/Added-Value.jpg 370w, https:\/\/www.kruse.swiss\/wp-content\/uploads\/2022\/12\/Added-Value-300x253.jpg 300w\" sizes=\"auto, (max-width: 370px) 100vw, 370px\" \/><\/figure>\n<\/div>\n\n\n\n<div class=\"wp-block-column about-us-content is-layout-flow wp-block-column-is-layout-flow\" style=\"flex-basis:70%\">\n<h2 class=\"wp-block-heading\">360\u00b0-Supply-Chain-L\u00f6sungen<\/h2>\n\n\n\n<p>Kruse bietet Supply-Chain-L\u00f6sungen f\u00fcr alle Arten von Unternehmen und steht f\u00fcr die serviceorientierte und zuverl\u00e4ssige Distribution von elektronischen Bauelementen.<\/p>\n\n\n\n<p><strong>Uns treibt nur eine Sache an \u2013 Mehrwert f\u00fcr unsere Kunden.<\/strong><\/p>\n\n\n\n<p>Viele Unternehmen sehen Probleme in der Elektronikfertigung als unvermeidlich an, aber durch eine Partnerschaft mit Kruse Electronics k\u00f6nnen sie beseitigt werden. Kruse bietet eine facettenreiche Partnerschaft, bei der Optimierung und Qualit\u00e4t Schl\u00fcsselaspekte des Supply Chain Managements sind. Unsere Dienstleistungen umfassen die Beschaffung kritischer Produkte und obsoleter Materialien, Kostensenkung, Verwaltung von \u00dcberbest\u00e4nden und Lieferkettenl\u00f6sungen, einschlie\u00dflich Komponenten-Kitting.<\/p>\n\n\n\n<ul class=\"wp-block-list\"><li>Eine un\u00fcbertroffene globale Pr\u00e4senz mit einer beeindruckenden Liste vertrauensw\u00fcrdiger Anbieter weltweit.<\/li><li>Ein freundliches Team engagierter Kundenbetreuer.<\/li><li>Strenge Qualit\u00e4tssysteme, die stets die beste Qualit\u00e4t gew\u00e4hrleisten.<\/li><li>Flexibler, kundenorientierter Ansatz.<\/li><li>Erfolgreiche Kombination von Spezialisten f\u00fcr Lieferkettenl\u00f6sungen, Mangelmanagement und \u00dcberschussmanagement.<\/li><\/ul>\n<\/div>\n<\/div>\n\n\n\n<div class=\"wp-block-columns about-us-featured is-layout-flex wp-container-core-columns-is-layout-9d6595d7 wp-block-columns-is-layout-flex\">\n<div class=\"wp-block-column is-vertically-aligned-center about-us-featured-content is-layout-flow wp-block-column-is-layout-flow\" style=\"flex-basis:40%\">\n<h6 class=\"wp-block-heading\">Kruse Electronics bietet eine vollst\u00e4ndige Palette von Supply-Chain-L\u00f6sungen und zeigt Ihnen, wie wir Ihnen durch Dienstleistungen Zeit und Geld sparen k\u00f6nnen, darunter:<\/h6>\n\n\n\n<ul class=\"wp-block-list\"><li>Komponentenlebenszyklus-Management<\/li><li>Kostenreduzierungsdienste<\/li><li>Vertrieb elektronischer Komponenten<\/li><li>L\u00f6sungen f\u00fcr \u00fcbersch\u00fcssige Best\u00e4nde<\/li><li>Global Sourcing<\/li><li>Bestandsverwaltung<\/li><li>Obsoleszenzmanagement<\/li><li>Unterst\u00fctzung bei der Minderung von Engp\u00e4ssen<\/li><\/ul>\n<\/div>\n\n\n\n<div class=\"wp-block-column about-us-featured-image is-layout-flow wp-block-column-is-layout-flow\" style=\"flex-basis:60%\">\n<figure class=\"wp-block-image size-full\"><img loading=\"lazy\" decoding=\"async\" width=\"768\" height=\"507\" src=\"https:\/\/www.kruse.swiss\/wp-content\/uploads\/2022\/12\/about-banner.jpg\" alt=\"\" class=\"wp-image-674\" srcset=\"https:\/\/www.kruse.swiss\/wp-content\/uploads\/2022\/12\/about-banner.jpg 768w, https:\/\/www.kruse.swiss\/wp-content\/uploads\/2022\/12\/about-banner-300x198.jpg 300w\" sizes=\"auto, (max-width: 767px) 89vw, (max-width: 1000px) 54vw, (max-width: 1071px) 543px, 580px\" \/><\/figure>\n<\/div>\n<\/div>\n\n\n\n<div class=\"wp-block-columns about-bottom-section is-layout-flex wp-container-core-columns-is-layout-9d6595d7 wp-block-columns-is-layout-flex\">\n<div class=\"wp-block-column is-layout-flow wp-block-column-is-layout-flow\" style=\"flex-basis:100%\"><div id=\"flipbox-widget-402\" class=\"cfb_wrapper layout-8 flex-row\" data-flipboxid=\"flipbox-widget-402\"><div class=\"flex-col-md-4 cfb-box-1 cfb-box-wrapper\" >\r\n            <div class=\"flipbox-container cfb-layout-8 cfb-flip\" data-effect=\"y\" data-height=\"equal\" style=\"color:#000000\">\r\n              <div class=\"flipbox-front-layout flipbox-front-filled cfb-data\" >\r\n                <div class=\"flipbox-frontImg\" style=\"background-image: url(https:\/\/www.kruse.swiss\/wp-content\/uploads\/2022\/11\/about-services.jpg);\">                \r\n                  <div class=\"flipbox-front-description\" ><h4  style=\"color:#000000\">Services<\/h4>\r\n                    <p  style=\"color:#000000\"><\/p>\r\n                  <\/div>\r\n              <\/div>\r\n              <\/div>\r\n              <div class=\"flipbox-back-layout flipbox-background-img cfb-data\" style=\"background-image: url(https:\/\/www.kruse.swiss\/wp-content\/uploads\/2022\/11\/about-services.jpg);\">\r\n                <p  style=\"color:#000000\"><p><a href=\"https:\/\/www.kruse.swiss\/services\/\">Read More <i class=\"fas fa-long-arrow-alt-right\"><\/i><\/a><\/p><\/p><\/div>\r\n            <\/div>\r\n          <\/div><div class=\"flex-col-md-4 cfb-box-2 cfb-box-wrapper\" >\r\n            <div class=\"flipbox-container cfb-layout-8 cfb-flip\" data-effect=\"y\" data-height=\"equal\" style=\"color:#000000\">\r\n              <div class=\"flipbox-front-layout flipbox-front-filled cfb-data\" >\r\n                <div class=\"flipbox-frontImg\" style=\"background-image: url(https:\/\/www.kruse.swiss\/wp-content\/uploads\/2022\/11\/about-products.jpg);\">                \r\n                  <div class=\"flipbox-front-description\" ><h4  style=\"color:#000000\">Products<\/h4>\r\n                    <p  style=\"color:#000000\"><\/p>\r\n                  <\/div>\r\n              <\/div>\r\n              <\/div>\r\n              <div class=\"flipbox-back-layout flipbox-background-img cfb-data\" style=\"background-image: url(https:\/\/www.kruse.swiss\/wp-content\/uploads\/2022\/11\/about-products.jpg);\">\r\n                <p  style=\"color:#000000\"><p><a href=\"https:\/\/www.kruse.swiss\/products\/\">Read More <i class=\"fas fa-long-arrow-alt-right\"><\/i><\/a><\/p><\/p><\/div>\r\n            <\/div>\r\n          <\/div><div class=\"flex-col-md-4 cfb-box-3 cfb-box-wrapper\" >\r\n            <div class=\"flipbox-container cfb-layout-8 cfb-flip\" data-effect=\"y\" data-height=\"equal\" style=\"color:#000000\">\r\n              <div class=\"flipbox-front-layout flipbox-front-filled cfb-data\" >\r\n                <div class=\"flipbox-frontImg\" style=\"background-image: url(https:\/\/www.kruse.swiss\/wp-content\/uploads\/2022\/11\/about-us-quality.jpg);\">                \r\n                  <div class=\"flipbox-front-description\" ><h4  style=\"color:#000000\">Quality<\/h4>\r\n                    <p  style=\"color:#000000\"><\/p>\r\n                  <\/div>\r\n              <\/div>\r\n              <\/div>\r\n              <div class=\"flipbox-back-layout flipbox-background-img cfb-data\" style=\"background-image: url(https:\/\/www.kruse.swiss\/wp-content\/uploads\/2022\/11\/about-us-quality.jpg);\">\r\n                <p  style=\"color:#000000\"><p><a href=\"https:\/\/www.kruse.swiss\/quality\/\">Read More <i class=\"fas fa-long-arrow-alt-right\"><\/i><\/a><\/p><\/p><\/div>\r\n            <\/div>\r\n          <\/div><\/div>\n<\/div>\n<\/div>\n","protected":false},"excerpt":{"rendered":"<p>\u00dcber uns Kruse bietet Supply Chain L\u00f6sungen f\u00fcr alle Arten von Unternehmen 360\u00b0-Supply-Chain-L\u00f6sungen Kruse bietet Supply-Chain-L\u00f6sungen f\u00fcr alle Arten von Unternehmen und steht f\u00fcr die serviceorientierte und zuverl\u00e4ssige Distribution von elektronischen Bauelementen. Uns treibt nur eine Sache an \u2013 Mehrwert f\u00fcr unsere Kunden. Viele Unternehmen sehen Probleme in der Elektronikfertigung als unvermeidlich an, aber durch &hellip; <\/p>\n<p class=\"link-more\"><a href=\"https:\/\/www.kruse.swiss\/de\/ueber-uns\/\" class=\"more-link\"><span class=\"screen-reader-text\">\u201e\u00dcber uns\u201c<\/span> weiterlesen<\/a><\/p>\n","protected":false},"author":1,"featured_media":1192,"parent":0,"menu_order":0,"comment_status":"closed","ping_status":"closed","template":"","meta":{"footnotes":""},"class_list":["post-1175","page","type-page","status-publish","has-post-thumbnail","hentry"],"_links":{"self":[{"href":"https:\/\/www.kruse.swiss\/de\/wp-json\/wp\/v2\/pages\/1175","targetHints":{"allow":["GET"]}}],"collection":[{"href":"https:\/\/www.kruse.swiss\/de\/wp-json\/wp\/v2\/pages"}],"about":[{"href":"https:\/\/www.kruse.swiss\/de\/wp-json\/wp\/v2\/types\/page"}],"author":[{"embeddable":true,"href":"https:\/\/www.kruse.swiss\/de\/wp-json\/wp\/v2\/users\/1"}],"replies":[{"embeddable":true,"href":"https:\/\/www.kruse.swiss\/de\/wp-json\/wp\/v2\/comments?post=1175"}],"version-history":[{"count":9,"href":"https:\/\/www.kruse.swiss\/de\/wp-json\/wp\/v2\/pages\/1175\/revisions"}],"predecessor-version":[{"id":1448,"href":"https:\/\/www.kruse.swiss\/de\/wp-json\/wp\/v2\/pages\/1175\/revisions\/1448"}],"wp:featuredmedia":[{"embeddable":true,"href":"https:\/\/www.kruse.swiss\/de\/wp-json\/wp\/v2\/media\/1192"}],"wp:attachment":[{"href":"https:\/\/www.kruse.swiss\/de\/wp-json\/wp\/v2\/media?parent=1175"}],"curies":[{"name":"wp","href":"https:\/\/api.w.org\/{rel}","templated":true}]}}