{"id":1208,"date":"2023-01-19T09:55:09","date_gmt":"2023-01-19T09:55:09","guid":{"rendered":"https:\/\/www.kruse.swiss\/qualitaet\/"},"modified":"2023-01-19T10:02:40","modified_gmt":"2023-01-19T10:02:40","slug":"qualitaet","status":"publish","type":"page","link":"https:\/\/www.kruse.swiss\/de\/qualitaet\/","title":{"rendered":"Qualit\u00e4t"},"content":{"rendered":"\n<div class=\"wp-block-columns top-heading-section is-layout-flex wp-container-core-columns-is-layout-9d6595d7 wp-block-columns-is-layout-flex\">\n<div class=\"wp-block-column top-heading-content is-layout-flow wp-block-column-is-layout-flow\" style=\"flex-basis:100%\">\n<h3 class=\"wp-block-heading\">Qualit\u00e4t<\/h3>\n\n\n\n<h2 class=\"wp-block-heading\">Qualit\u00e4tskomponenten f\u00fcr die Zufriedenheit unserer Kunden<\/h2>\n<\/div>\n<\/div>\n\n\n\n<div class=\"wp-block-columns quality-section is-layout-flex wp-container-core-columns-is-layout-9d6595d7 wp-block-columns-is-layout-flex\">\n<div class=\"wp-block-column quality-content is-layout-flow wp-block-column-is-layout-flow\" style=\"flex-basis:100%\">\n<p class=\"quality-para\">Der Qualit\u00e4tslebenszyklus von Kruse Electronics umfasst langj\u00e4hrige Beziehungen zwischen H\u00e4ndlern und Herstellern und verpflichtet sich zu 100 % Kundenzufriedenheit durch Aufrechterhaltung optimaler Qualit\u00e4tsprozesse und -verfahren. Kruse Electronics jahrzehntelange Erfahrung und erprobte Pr\u00fcfverfahren stellen die Echtheit und Funktionalit\u00e4t elektronischer Komponentenprodukte sicher.<\/p>\n\n\n\n<p class=\"quality-para\">Die Qualit\u00e4t der angelieferten Bauteile steht bei unserer digitalen Wareneingangskontrolle an erster Stelle. Unsere Prozesse werden st\u00e4ndig weiterentwickelt und verbessert. Die Qualit\u00e4tskontrolle der Komponenten erfolgt bereichsweise in folgenden Schritten:<\/p>\n\n\n\n<p class=\"quality-para\"><strong>Kruse Electronics bietet eine dreistufige Verifizierung und Qualit\u00e4tsfortschritt f\u00fcr alle Komponenten.<\/strong><\/p>\n\n\n<div class=\"product-description quality-description\"><style>#sp-ea-1213 .spcollapsing { height: 0; overflow: hidden; transition-property: height;transition-duration: 300ms;}#sp-ea-1213.sp-easy-accordion>.sp-ea-single {border: 0px solid #e2e2e2; }#sp-ea-1213.sp-easy-accordion>.sp-ea-single>.ea-header a {color: #ec1d35;}#sp-ea-1213.sp-easy-accordion>.sp-ea-single>.sp-collapse>.ea-body {background: #fff; color: #000000;}#sp-ea-1213.sp-easy-accordion>.sp-ea-single {background: #ffffff;}#sp-ea-1213.sp-easy-accordion>.sp-ea-single>.ea-header a .ea-expand-icon.fa { float: right; color: #ec1d35;font-size: 16px;}#sp-ea-1213.sp-easy-accordion>.sp-ea-single>.ea-header a .ea-expand-icon.fa {margin-right: 0;}<\/style><div id=\"sp-ea-1213\" class=\"sp-ea-one sp-easy-accordion\" data-ex-icon=\"fa-minus\" data-col-icon=\"fa-plus\"  data-ea-active=\"ea-click\"  data-ea-mode=\"vertical\" data-preloader=\"\" data-scroll-active-item=\"\" data-offset-to-scroll=\"0\"><div class=\"ea-card ea-expand sp-ea-single\"><h3 class=\"ea-header\"><a class=\"collapsed\" data-sptoggle=\"spcollapse\" data-sptarget=#collapse12130 href=\"javascript:void(0)\"  aria-expanded=\"true\"><i class=\"ea-expand-icon fa fa-minus\"><\/i> <h6>Stufe 1: Sichtpr\u00fcfung<\/h6><span>Komponenten werden gepr\u00fcft und verifiziert auf:<\/span><\/a><\/h3><div class=\"sp-collapse spcollapse collapsed show\" id=\"collapse12130\" data-parent=#sp-ea-1213><div class=\"ea-body\"><ul>\n<li>Barcode-\u00dcberpr\u00fcfung<\/li>\n<li>COO (Herstellungsland)<\/li>\n<li>Date Code<\/li>\n<li>Loscode<\/li>\n<li>Hersteller-Teilenummer MFG<\/li>\n<li>\u00dcberpr\u00fcfung des physischen Zustands der Verpackung<\/li>\n<li>Menge ROHS & MSL<\/li>\n<li>Seriennummer<\/li>\n<\/ul>\n<\/div><\/div><\/div><div class=\"ea-card  sp-ea-single\"><h3 class=\"ea-header\"><a class=\"collapsed\" data-sptoggle=\"spcollapse\" data-sptarget=#collapse12131 href=\"javascript:void(0)\"  aria-expanded=\"false\"><i class=\"ea-expand-icon fa fa-plus\"><\/i> <h6>Phase 2: Detaillierte Inspektion<\/h6><span>Acetontests zum Nachweis von Markierungen\/Erneuerung<\/span><\/a><\/h3><div class=\"sp-collapse spcollapse \" id=\"collapse12131\" data-parent=#sp-ea-1213><div class=\"ea-body\"><ul>\n<li>F\u00e4lschungspr\u00fcfungen<\/li>\n<li>Digitale Fotodokumentation<\/li>\n<li>Ma\u00dfpr\u00fcfungen von Bauteilen<\/li>\n<li>Elektrische Tests zur \u00dcberpr\u00fcfung von Out-of-Circuit-Werten an Kondensatoren<\/li>\n<li>Hochleistungsmikroskopie wird verwendet, um Originalmarkierungen zu verifizieren und auf Anzeichen von Abweichungen zu untersuchen<\/li>\n<li>Haltbarkeitstest der obersten Tintenmarkierung<\/li>\n<li>\u00dcberpr\u00fcfung der Erstpr\u00fcfung<\/li>\n<\/ul>\n<\/div><\/div><\/div><div class=\"ea-card  sp-ea-single\"><h3 class=\"ea-header\"><a class=\"collapsed\" data-sptoggle=\"spcollapse\" data-sptarget=#collapse12132 href=\"javascript:void(0)\"  aria-expanded=\"false\"><i class=\"ea-expand-icon fa fa-plus\"><\/i> <h6>Stufe 3: Zus\u00e4tzliche Qualit\u00e4tspr\u00fcfung<\/h6><span>Wir bieten Tests auf h\u00f6herem Niveau von Komponenten an, einschlie\u00dflich:<\/span><\/a><\/h3><div class=\"sp-collapse spcollapse \" id=\"collapse12132\" data-parent=#sp-ea-1213><div class=\"ea-body\"><p>Kruse Electronics arbeitet mit f\u00fchrenden Testeinrichtungen in Asien, Europa und den USA zusammen, die f\u00fcr die Standards AS9100 \/AS9120\/ISO 9001:2015, Mil STD-833 zertifiziert sind.<\/p>\n<p>Kruse Electronics nutzt die Testeinrichtungen, um Nicht-Vertriebsteile vom freien Markt zu qualifizieren. Tests durch Dritte eliminieren den internen \u201eVerkaufsdruck\u201c und stellen unvoreingenommene Testergebnisse sicher.<\/p>\n<p><strong>Wir bieten Tests auf h\u00f6herem Niveau von Komponenten an, einschlie\u00dflich:<\/strong><\/p>\n<ul>\n<li>CSAM<\/li>\n<li>Entkapselung<\/li>\n<li>EDX\/EDS<\/li>\n<li>Elektrische Pr\u00fcfung<\/li>\n<li>L\u00f6ttest<\/li>\n<li>R\u00f6ntgen<\/li>\n<li>XRF<\/li>\n<\/ul>\n<\/div><\/div><\/div><\/div><\/div>\n\n\n\n<p class=\"quality-para\">Dar\u00fcber hinaus haben wir unsere Strukturen konzernweit auf flache Hierarchien, klare Verantwortlichkeiten und schnellere Entscheidungswege ausgerichtet.<\/p>\n\n\n\n<p class=\"quality-para\">Klaus Kruse, Gesch\u00e4ftsf\u00fchrer, steht f\u00fcr Fragen zur Qualit\u00e4t in unserem Unternehmen zur Verf\u00fcgung.<\/p>\n<\/div>\n<\/div>\n","protected":false},"excerpt":{"rendered":"<p>Qualit\u00e4t Qualit\u00e4tskomponenten f\u00fcr die Zufriedenheit unserer Kunden Der Qualit\u00e4tslebenszyklus von Kruse Electronics umfasst langj\u00e4hrige Beziehungen zwischen H\u00e4ndlern und Herstellern und verpflichtet sich zu 100 % Kundenzufriedenheit durch Aufrechterhaltung optimaler Qualit\u00e4tsprozesse und -verfahren. Kruse Electronics jahrzehntelange Erfahrung und erprobte Pr\u00fcfverfahren stellen die Echtheit und Funktionalit\u00e4t elektronischer Komponentenprodukte sicher. Die Qualit\u00e4t der angelieferten Bauteile steht bei unserer &hellip; <\/p>\n<p class=\"link-more\"><a href=\"https:\/\/www.kruse.swiss\/de\/qualitaet\/\" class=\"more-link\"><span class=\"screen-reader-text\">\u201eQualit\u00e4t\u201c<\/span> weiterlesen<\/a><\/p>\n","protected":false},"author":1,"featured_media":1190,"parent":0,"menu_order":0,"comment_status":"closed","ping_status":"closed","template":"","meta":{"footnotes":""},"class_list":["post-1208","page","type-page","status-publish","has-post-thumbnail","hentry"],"_links":{"self":[{"href":"https:\/\/www.kruse.swiss\/de\/wp-json\/wp\/v2\/pages\/1208","targetHints":{"allow":["GET"]}}],"collection":[{"href":"https:\/\/www.kruse.swiss\/de\/wp-json\/wp\/v2\/pages"}],"about":[{"href":"https:\/\/www.kruse.swiss\/de\/wp-json\/wp\/v2\/types\/page"}],"author":[{"embeddable":true,"href":"https:\/\/www.kruse.swiss\/de\/wp-json\/wp\/v2\/users\/1"}],"replies":[{"embeddable":true,"href":"https:\/\/www.kruse.swiss\/de\/wp-json\/wp\/v2\/comments?post=1208"}],"version-history":[{"count":4,"href":"https:\/\/www.kruse.swiss\/de\/wp-json\/wp\/v2\/pages\/1208\/revisions"}],"predecessor-version":[{"id":1214,"href":"https:\/\/www.kruse.swiss\/de\/wp-json\/wp\/v2\/pages\/1208\/revisions\/1214"}],"wp:featuredmedia":[{"embeddable":true,"href":"https:\/\/www.kruse.swiss\/de\/wp-json\/wp\/v2\/media\/1190"}],"wp:attachment":[{"href":"https:\/\/www.kruse.swiss\/de\/wp-json\/wp\/v2\/media?parent=1208"}],"curies":[{"name":"wp","href":"https:\/\/api.w.org\/{rel}","templated":true}]}}