{"id":1215,"date":"2023-01-19T10:26:12","date_gmt":"2023-01-19T10:26:12","guid":{"rendered":"https:\/\/www.kruse.swiss\/compliance\/"},"modified":"2023-01-20T11:18:53","modified_gmt":"2023-01-20T11:18:53","slug":"compliance","status":"publish","type":"page","link":"https:\/\/www.kruse.swiss\/de\/compliance\/","title":{"rendered":"Compliance"},"content":{"rendered":"\n<div class=\"wp-block-columns compliance-section is-layout-flex wp-container-core-columns-is-layout-9d6595d7 wp-block-columns-is-layout-flex\">\n<div class=\"wp-block-column compliance-content is-layout-flow wp-block-column-is-layout-flow\" style=\"flex-basis:100%\">\n<p><strong>Als inhabergef\u00fchrtes Unternehmen pflegen wir eine Unternehmenskultur, die auf den Werten Kundenorientierung, Innovation, Integrit\u00e4t, Offenheit und Transparenz basiert.<\/strong><\/p>\n\n\n\n<p>Unser Verantwortungsbewusstsein kommt auch im Verhaltenskodex von Kruse Electronics zum Ausdruck. Der Kruse Electronics Code of Conduct enth\u00e4lt die Haltung und Erwartungen von Kruse Electronics als Arbeitgeber und Gesch\u00e4ftspartner. Machen Sie sich mit unseren Unternehmenswerten vertraut und wenden Sie sich bitte an uns, wenn Sie Fragen haben, auf Verst\u00f6\u00dfe gegen den Kruse Electronics Code of Conduct sto\u00dfen oder unsicher sind, wie Sie beispielsweise ein regelkonformer Gesch\u00e4ftspartner sein k\u00f6nnen.<\/p>\n\n\n\n<p><a href=\"https:\/\/www.kruse.swiss\/wp-content\/uploads\/2023\/01\/Code-of-Conduct-Verhaltenskodex-Kruse-Electronics-AG.pdf\" target=\"_blank\" rel=\"noreferrer noopener\"><strong>Code of Conduct Verhaltenskodex Kruse Electronics AG.pdf<\/strong><\/a><\/p>\n\n\n\n<p class=\"compliance-officer\">Ihr Ansprechpartner Recht &amp; Compliance<br><strong>Chief Compliance Officer<\/strong><br>Klaus Kruse <br>Email: <a href=\"mailto:kkruse@kruse.swiss\">kkruse@kruse.swiss<\/a><br>Phone: <a href=\"tel:+41415524890\">+41 41 552 48 90<\/a><\/p>\n<\/div>\n<\/div>\n","protected":false},"excerpt":{"rendered":"<p>Als inhabergef\u00fchrtes Unternehmen pflegen wir eine Unternehmenskultur, die auf den Werten Kundenorientierung, Innovation, Integrit\u00e4t, Offenheit und Transparenz basiert. Unser Verantwortungsbewusstsein kommt auch im Verhaltenskodex von Kruse Electronics zum Ausdruck. Der Kruse Electronics Code of Conduct enth\u00e4lt die Haltung und Erwartungen von Kruse Electronics als Arbeitgeber und Gesch\u00e4ftspartner. Machen Sie sich mit unseren Unternehmenswerten vertraut und &hellip; <\/p>\n<p class=\"link-more\"><a href=\"https:\/\/www.kruse.swiss\/de\/compliance\/\" class=\"more-link\"><span class=\"screen-reader-text\">\u201eCompliance\u201c<\/span> weiterlesen<\/a><\/p>\n","protected":false},"author":1,"featured_media":1200,"parent":0,"menu_order":0,"comment_status":"closed","ping_status":"closed","template":"","meta":{"footnotes":""},"class_list":["post-1215","page","type-page","status-publish","has-post-thumbnail","hentry"],"_links":{"self":[{"href":"https:\/\/www.kruse.swiss\/de\/wp-json\/wp\/v2\/pages\/1215","targetHints":{"allow":["GET"]}}],"collection":[{"href":"https:\/\/www.kruse.swiss\/de\/wp-json\/wp\/v2\/pages"}],"about":[{"href":"https:\/\/www.kruse.swiss\/de\/wp-json\/wp\/v2\/types\/page"}],"author":[{"embeddable":true,"href":"https:\/\/www.kruse.swiss\/de\/wp-json\/wp\/v2\/users\/1"}],"replies":[{"embeddable":true,"href":"https:\/\/www.kruse.swiss\/de\/wp-json\/wp\/v2\/comments?post=1215"}],"version-history":[{"count":5,"href":"https:\/\/www.kruse.swiss\/de\/wp-json\/wp\/v2\/pages\/1215\/revisions"}],"predecessor-version":[{"id":1285,"href":"https:\/\/www.kruse.swiss\/de\/wp-json\/wp\/v2\/pages\/1215\/revisions\/1285"}],"wp:featuredmedia":[{"embeddable":true,"href":"https:\/\/www.kruse.swiss\/de\/wp-json\/wp\/v2\/media\/1200"}],"wp:attachment":[{"href":"https:\/\/www.kruse.swiss\/de\/wp-json\/wp\/v2\/media?parent=1215"}],"curies":[{"name":"wp","href":"https:\/\/api.w.org\/{rel}","templated":true}]}}