{"id":1223,"date":"2023-01-19T10:41:07","date_gmt":"2023-01-19T10:41:07","guid":{"rendered":"https:\/\/www.kruse.swiss\/nachhaltigkeit\/"},"modified":"2023-01-20T11:23:29","modified_gmt":"2023-01-20T11:23:29","slug":"nachhaltigkeit","status":"publish","type":"page","link":"https:\/\/www.kruse.swiss\/de\/nachhaltigkeit\/","title":{"rendered":"Nachhaltigkeit"},"content":{"rendered":"\n<div class=\"wp-block-columns top-heading-section is-layout-flex wp-container-core-columns-is-layout-9d6595d7 wp-block-columns-is-layout-flex\">\n<div class=\"wp-block-column top-heading-content is-layout-flow wp-block-column-is-layout-flow\" style=\"flex-basis:100%\">\n<h3 class=\"wp-block-heading\">Nachhaltigkeit<\/h3>\n\n\n\n<h2 class=\"wp-block-heading\">Umweltpolitik Kruse Electronics AG<\/h2>\n<\/div>\n<\/div>\n\n\n\n<div class=\"wp-block-columns compliance-section is-layout-flex wp-container-core-columns-is-layout-9d6595d7 wp-block-columns-is-layout-flex\">\n<div class=\"wp-block-column compliance-content is-layout-flow wp-block-column-is-layout-flow\" style=\"flex-basis:100%\">\n<p>Um gute Umweltpraktiken zu erreichen und nachhaltig zu wirtschaften ist die Kruse Electronics AG  der Ansicht, dass Unternehmen die Verantwortung haben, nachhaltig zu wirtschaften. \nWir verpflichten uns daher, unsere Umweltauswirkungen zu reduzieren und unsere Umweltleistung als integralen und grundlegenden Bestandteil unserer Gesch\u00e4ftsstrategie und unseres Betriebs kontinuierlich zu verbessern.\n<\/p>\n\n\n\n<p>Es ist unsere Priorit\u00e4t, alle Gesch\u00e4ftspartner, Kunden und Lieferanten dazu zu ermutigen, dasselbe zu tun. Das ist nicht nur wirtschaftlich f\u00fcr alle sinnvoll; es geht auch darum, unserer F\u00fcrsorgepflicht gegen\u00fcber k\u00fcnftigen Generationen nachzukommen.<\/p>\n\n\n\n<h2 class=\"wp-block-heading\"><strong>Unsere Grunds\u00e4tze sind:<\/strong><\/h2>\n\n\n\n<ul class=\"wp-block-list\"><li>Vollst\u00e4ndige Unterst\u00fctzung und Einhaltung  der Anforderungen der aktuellen Umweltgesetzgebung und Verhaltenskodex.<\/li><li>Minimieren unseres Abfalls und verwenden oder recyceln Sie so viel wie m\u00f6glich davon.<\/li><li>Minimieren des Energie- und Wasserverbrauchs in unseren Geb\u00e4uden und Fahrzeugen.<\/li><li>F\u00f6rderung der Nutzung alternativer Transportmittel und gegebenenfalls Carsharing sowie den Betrieb und die Wartung von Firmenfahrzeugen (falls zutreffend) unter geb\u00fchrender Ber\u00fccksichtigung von Umwelterw\u00e4gungen, sofern dies vern\u00fcnftigerweise durchf\u00fchrbar ist.<\/li><li>Anwendung der Prinzipien kontinuierlicher Verbesserungen hinsichtlich Luft-, Wasserverschmutzung.<\/li><li>Erwerb von Produkten und Dienstleistungen, die die Umwelt am wenigsten belasten, und ermutigen Sie andere, dasselbe zu tun.<\/li><li>Bewertung der Umweltauswirkungen aller neuen Prozesse oder Produkte, die wir im Voraus einf\u00fchren wollen.<\/li><\/ul>\n\n\n\n<p class=\"compliance-officer\">Ihr Ansprechpartner Recht &amp; Compliance<br>\n<strong>QMB<\/strong><br>\nKlaus Kruse<br>\nEmail: <a href=\"mailto:kkruse@kruse.swiss\">kkruse@kruse.swiss<\/a><br>\nPhone: <a href=\"tel:+41415524890\">+41 41 552 48 90<\/a><\/p>\n<\/div>\n<\/div>\n","protected":false},"excerpt":{"rendered":"<p>Nachhaltigkeit Umweltpolitik Kruse Electronics AG Um gute Umweltpraktiken zu erreichen und nachhaltig zu wirtschaften ist die Kruse Electronics AG der Ansicht, dass Unternehmen die Verantwortung haben, nachhaltig zu wirtschaften. Wir verpflichten uns daher, unsere Umweltauswirkungen zu reduzieren und unsere Umweltleistung als integralen und grundlegenden Bestandteil unserer Gesch\u00e4ftsstrategie und unseres Betriebs kontinuierlich zu verbessern. Es ist &hellip; <\/p>\n<p class=\"link-more\"><a href=\"https:\/\/www.kruse.swiss\/de\/nachhaltigkeit\/\" class=\"more-link\"><span class=\"screen-reader-text\">\u201eNachhaltigkeit\u201c<\/span> weiterlesen<\/a><\/p>\n","protected":false},"author":1,"featured_media":1199,"parent":0,"menu_order":0,"comment_status":"closed","ping_status":"closed","template":"","meta":{"footnotes":""},"class_list":["post-1223","page","type-page","status-publish","has-post-thumbnail","hentry"],"_links":{"self":[{"href":"https:\/\/www.kruse.swiss\/de\/wp-json\/wp\/v2\/pages\/1223","targetHints":{"allow":["GET"]}}],"collection":[{"href":"https:\/\/www.kruse.swiss\/de\/wp-json\/wp\/v2\/pages"}],"about":[{"href":"https:\/\/www.kruse.swiss\/de\/wp-json\/wp\/v2\/types\/page"}],"author":[{"embeddable":true,"href":"https:\/\/www.kruse.swiss\/de\/wp-json\/wp\/v2\/users\/1"}],"replies":[{"embeddable":true,"href":"https:\/\/www.kruse.swiss\/de\/wp-json\/wp\/v2\/comments?post=1223"}],"version-history":[{"count":3,"href":"https:\/\/www.kruse.swiss\/de\/wp-json\/wp\/v2\/pages\/1223\/revisions"}],"predecessor-version":[{"id":1286,"href":"https:\/\/www.kruse.swiss\/de\/wp-json\/wp\/v2\/pages\/1223\/revisions\/1286"}],"wp:featuredmedia":[{"embeddable":true,"href":"https:\/\/www.kruse.swiss\/de\/wp-json\/wp\/v2\/media\/1199"}],"wp:attachment":[{"href":"https:\/\/www.kruse.swiss\/de\/wp-json\/wp\/v2\/media?parent=1223"}],"curies":[{"name":"wp","href":"https:\/\/api.w.org\/{rel}","templated":true}]}}