{"id":1232,"date":"2023-01-19T14:43:48","date_gmt":"2023-01-19T14:43:48","guid":{"rendered":"https:\/\/www.kruse.swiss\/wir-suchen-sie\/"},"modified":"2023-01-21T18:21:57","modified_gmt":"2023-01-21T18:21:57","slug":"wir-suchen-sie","status":"publish","type":"page","link":"https:\/\/www.kruse.swiss\/de\/wir-suchen-sie\/","title":{"rendered":"Wir suchen Sie"},"content":{"rendered":"\n<div class=\"wp-block-columns top-heading-section is-layout-flex wp-container-core-columns-is-layout-9d6595d7 wp-block-columns-is-layout-flex\">\n<div class=\"wp-block-column top-heading-content is-layout-flow wp-block-column-is-layout-flow\" style=\"flex-basis:100%\">\n<h3 class=\"wp-block-heading\">Wir suchen Sie<\/h3>\n\n\n\n<h2 class=\"wp-block-heading\">Wir sind immer offen f\u00fcr neue Kandidaten<\/h2>\n<\/div>\n<\/div>\n\n\n\n<div class=\"wp-block-columns company-profile-section is-layout-flex wp-container-core-columns-is-layout-9d6595d7 wp-block-columns-is-layout-flex\">\n<div class=\"wp-block-column company-profile-content is-layout-flow wp-block-column-is-layout-flow\" style=\"flex-basis:100%\">\n<p>Wir sind immer offen f\u00fcr neue Kandidaten, also senden Sie bitte Ihre Informationen an <a href=\"mailto:hr@kruse.swiss\">hr@kruse.swiss<\/a> und wir werden sehen, ob jetzt ein Platz f\u00fcr Sie frei ist oder ob Sie sp\u00e4ter f\u00fcr etwas in Frage kommen! Bitte \u00fcberpr\u00fcfen Sie auch alle unsere offenen Stellen.<\/p>\n<\/div>\n<\/div>\n\n\n\n<div class=\"wp-block-columns join-section is-layout-flex wp-container-core-columns-is-layout-9d6595d7 wp-block-columns-is-layout-flex\">\n<div class=\"wp-block-column Join-content is-layout-flow wp-block-column-is-layout-flow\" style=\"flex-basis:100%\"><style>#sp-ea-1389 .spcollapsing { height: 0; overflow: hidden; transition-property: height;transition-duration: 300ms;}#sp-ea-1389.sp-easy-accordion>.sp-ea-single {border: 0px solid #e2e2e2; }#sp-ea-1389.sp-easy-accordion>.sp-ea-single>.ea-header a {color: #ec1d35;}#sp-ea-1389.sp-easy-accordion>.sp-ea-single>.sp-collapse>.ea-body {background: #fff; color: #000000;}#sp-ea-1389.sp-easy-accordion>.sp-ea-single {background: #ffffff;}#sp-ea-1389.sp-easy-accordion>.sp-ea-single>.ea-header a .ea-expand-icon.fa { float: right; color: #ec1d35;font-size: 20px;}#sp-ea-1389.sp-easy-accordion>.sp-ea-single>.ea-header a .ea-expand-icon.fa {margin-right: 0;}<\/style><div id=\"sp-ea-1389\" class=\"sp-ea-one sp-easy-accordion\" data-ex-icon=\"fa-minus\" data-col-icon=\"fa-plus\"  data-ea-active=\"ea-click\"  data-ea-mode=\"vertical\" data-preloader=\"\" data-scroll-active-item=\"\" data-offset-to-scroll=\"0\"><div class=\"ea-card  sp-ea-single\"><h3 class=\"ea-header\"><a class=\"collapsed\" data-sptoggle=\"spcollapse\" data-sptarget=#collapse13890 href=\"javascript:void(0)\"  aria-expanded=\"false\"><i class=\"ea-expand-icon fa fa-plus\"><\/i> <h5>Koordinator Grafikdesign\/Marketing<\/h5><span>Standort: Cham\/Schweiz oder anderswo<\/span><h6>Siehe Positionsdetails:<\/h6><\/a><\/h3><div class=\"sp-collapse spcollapse spcollapse\" id=\"collapse13890\" data-parent=#sp-ea-1389><div class=\"ea-body\"><h4>Abteilung: Marketing<\/h4>\n<h4>Typ: Vollzeit<\/h4>\n<h4>Mindest. Erfahrung:<\/h4>\n<p>Bachelor-Abschluss in Grafikdesign, Marketing oder gleichwertige Designerfahrung; m\u00fcssen in der Lage sein, Ihre Grafikdesignf\u00e4higkeiten mit einem Portfolio zu zeigen<\/p>\n<h4>Firmenprofil:<\/h4>\n<p>Kruse Electronics ist ein weltweit f\u00fchrender Distributor in der Distribution elektronischer Komponenten mit Hauptsitz in Cham\/Schweiz. Wir suchen einen talentierten Grafikdesigner\/Marketingkoordinator f\u00fcr unser Team! Diese Position wird eine entscheidende Rolle bei der Aufrechterhaltung unserer starken Online-Pr\u00e4senz spielen und gleichzeitig kreative Kontinuit\u00e4t und Markenkonsistenz gew\u00e4hrleisten. Der ideale Kandidat f\u00fcr diese Rolle hat einen Hintergrund im Grafikdesign und ist versiert in der Erstellung digitaler Assets.<\/p>\n<h4>Verantwortlichkeiten:<\/h4>\n<ul>\n<li>Konzeption, Design und Produktion von Print-, Branding- und Social-Media-Projekten<\/li>\n<li>Verwaltung und Ausf\u00fchrung von E-Mail-Kampagnen<\/li>\n<li>Aktive Pr\u00e4senz auf Social-Media-Plattformen<\/li>\n<li>Analysieren Sie die Zielgruppe und stellen Sie Erkenntnisse bereit, um das Targeting und die Benutzererfahrung zu verbessern<\/li>\n<li>Stellen Sie sicher, dass alle Designs und Mitteilungen Kruse Electronics und Akquisitionsmarken genau widerspiegeln<\/li>\n<li>Koordinieren und unterst\u00fctzen Sie die t\u00e4glichen Marketingaktivit\u00e4ten, die zum Abschluss von Projekten und Aufgaben f\u00fchren<\/li>\n<li>Unterst\u00fctzung bei der Dateneingabe, Planung und Marketingkoordination nach Bedarf<\/li>\n<li>Arbeiten Sie mit mehreren Teams zusammen, um qualitativ hochwertige Projekte zu liefern<\/li>\n<li>Erstellen Sie w\u00f6chentliche Pr\u00e4sentationsmaterialien und sammeln Sie unterst\u00fctzende Analysen<\/li>\n<\/ul>\n<h4>Qualifikationen:<\/h4>\n<ul>\n<li>Bachelor-Abschluss in Grafikdesign, Marketing oder gleichwertige Designerfahrung; m\u00fcssen in der Lage sein, Ihre Grafikdesignf\u00e4higkeiten mit einem Portfolio zu zeigen<\/li>\n<li>F\u00e4higkeit, Marke und Corporate Identity genau zu kommunizieren<\/li>\n<li>Kenntnisse der Adobe Creative Suite (insbesondere Illustrator & Photoshop)<\/li>\n<li>HubSpot-Erfahrung ist unerl\u00e4sslich<\/li>\n<li>Verwenden Sie Google Analytics, um die Leistung der Website und Verbesserungsm\u00f6glichkeiten zu bewerten<\/li>\n<li>Kenntnisse in WordPress und Big Commerce werden bevorzugt<\/li>\n<li>Verst\u00e4ndnis von Social-Media-Trends und -Metriken<\/li>\n<li>Hervorragende schriftliche und m\u00fcndliche Kommunikation<\/li>\n<li>Hochgradig organisiert und detailorientiert mit einer nachgewiesenen F\u00e4higkeit, mehrere Projekte zu verwalten und konkurrierende Priorit\u00e4ten und Fristen zu jonglieren<\/li>\n<\/ul>\n<\/div><\/div><\/div><div class=\"ea-card  sp-ea-single\"><h3 class=\"ea-header\"><a class=\"collapsed\" data-sptoggle=\"spcollapse\" data-sptarget=#collapse13891 href=\"javascript:void(0)\"  aria-expanded=\"false\"><i class=\"ea-expand-icon fa fa-plus\"><\/i> <h5>Digital Marketing Coordinator<\/h5><span>Standort: Cham\/Schweiz oder anderswo<\/span><h6>Siehe Positionsdetails:<\/h6><\/a><\/h3><div class=\"sp-collapse spcollapse spcollapse\" id=\"collapse13891\" data-parent=#sp-ea-1389><div class=\"ea-body\"><h4>Abteilung: Marketing<\/h4>\n<h4>Typ: Vollzeit<\/h4>\n<h4>Mindest. Erfahrung<\/h4>\n<p>Bachelor-Abschluss in Marketing, Werbung oder Kommunikation<\/p>\n<h4>Firmenprofil:<\/h4>\n<p>Kruse Electronics ist ein weltweit f\u00fchrender Distributor in der Distribution elektronischer Komponenten mit Hauptsitz in Cham\/Schweiz. Wir suchen einen talentierten Grafikdesigner\/Marketingkoordinator f\u00fcr unser Team! Diese Position wird eine entscheidende Rolle bei der Aufrechterhaltung unserer starken Online-Pr\u00e4senz spielen und gleichzeitig kreative Kontinuit\u00e4t und Markenkonsistenz gew\u00e4hrleisten. Der ideale Kandidat f\u00fcr diese Rolle hat einen Hintergrund im Grafikdesign und ist versiert in der Erstellung digitaler Assets.<\/p>\n<p>Wir suchen einen hochqualifizierten Digital Marketing Coordinator f\u00fcr unser Team! Vom ersten Tag an wird diese Person zu bestehenden Marketingprogrammen beitragen und gleichzeitig bei der Entwicklung neuer Initiativen helfen, die auf die Unternehmensziele ausgerichtet sind. Der ideale Kandidat verf\u00fcgt \u00fcber Vorerfahrung mit einer breiten Palette von Marketingfunktionen, darunter Kommunikation, Werbung, Branding, digitales Marketing und soziale Medien. Der Marketingkoordinator muss ein organisierter Multitasker sein, der in der Lage ist, viele verschiedene Projekte gleichzeitig zu bearbeiten und enge Fristen einzuhalten.<\/p>\n<h4>Verantwortlichkeiten:<\/h4>\n<ul>\n<li>Unterst\u00fctzung bei der Entwicklung und Umsetzung der Markenstrategie des Unternehmens<\/li>\n<li>Stellen Sie sicher, dass alle Marketingbem\u00fchungen dazu dienen, unmittelbare und langfristige Gesch\u00e4ftsziele zu erreichen und Verbesserungen f\u00fcr Prozesse, Inhalte und Lead-Generierung zu identifizieren und umzusetzen<\/li>\n<li>Bereiten Sie Marketingaktivit\u00e4tsberichte und -metriken vor, um den Programmerfolg zu messen<\/li>\n<li>Verwenden Sie verschiedene Plattformen, um Markttrends, das Kundenverhalten und die Wettbewerbslandschaft zu analysieren, und erstellen Sie Berichte, indem Sie Daten sammeln, analysieren und zusammenfassen<\/li>\n<li>Unterst\u00fctzen Sie Meetings, Veranstaltungen, Konferenzen und Messen, indem Sie Anforderungen, Materialien, Zeitpl\u00e4ne und Aufgaben koordinieren<\/li>\n<li>Pflegen Sie die Creative-Asset-Bibliothek, stellen Sie sicher, dass alle Ressourcen aktuell und genau sind, und koordinieren Sie die Erstellung neuer Materialien nach Bedarf<\/li>\n<\/ul>\n<h4>F\u00e4higkeiten und Qualifikationen:<\/h4>\n<ul>\n<li>Bachelor-Abschluss in Marketing, Werbung oder Kommunikation<\/li>\n<li>Berufserfahrung als Marketingkoordinator oder in einer \u00e4hnlichen Funktion<\/li>\n<li>Kenntnisse in traditionellem und digitalem Marketing, Content Marketing und Social Media Marketing<\/li>\n<li>Hervorragende Schreib-, Kommunikations- und Pr\u00e4sentationsf\u00e4higkeiten<\/li>\n<li>Vorherige HubSpot-Erfahrung ist unerl\u00e4sslich<\/li>\n<li>Beherrschung der gesamten Microsoft Office-Suite, insbesondere PowerPoint<\/li>\n<li>Erfahrungmit WordPress, Big Commerce\/Shopify, Constant Contact und Canva<\/li>\n<li>Fortgeschrittene Kenntnisse in der Adobe Creative Suite werden dringend bevorzugt<\/li>\n<li>Fundierte Kenntnisse in SEO\/SEM Best Practices<\/li>\n<\/ul>\n<\/div><\/div><\/div><div class=\"ea-card  sp-ea-single\"><h3 class=\"ea-header\"><a class=\"collapsed\" data-sptoggle=\"spcollapse\" data-sptarget=#collapse13892 href=\"javascript:void(0)\"  aria-expanded=\"false\"><i class=\"ea-expand-icon fa fa-plus\"><\/i> <h5>Field Application Engineer \u2013 Technical Sales Engineer<\/h5><span>Standort: Schweiz, \u00d6sterreich oder Deutschland<\/span><h6>Siehe Positionsdetails:<\/h6><\/a><\/h3><div class=\"sp-collapse spcollapse spcollapse\" id=\"collapse13892\" data-parent=#sp-ea-1389><div class=\"ea-body\"><h4>Field Application Engineer \u2013 Technischer Vertriebsingenieur (W\/M)<\/h4>\n<p>Der Bewerber muss sowohl mit OEMS als auch mit EMS-Unternehmen in der Elektronikindustrie f\u00fcr aktive + passive Komponenten und Systeme der Elektrotechnik gut vernetzt sein.<\/p>\n<ul>\n<li>\u00dcber 10 Jahre Vertriebs- und Managementerfahrung kombiniert mit einer nachgewiesenen Erfolgsbilanz in einer \u00e4hnlichen Branche<\/li>\n<li>Etablierte Kontakte und Beziehungen zu potenziellen Gesch\u00e4ftspartnern in Schl\u00fcsselm\u00e4rkten, insbesondere Vertrieb, EMS und OEMs, die an elektronischen Systemen beteiligt sind, sind ein Plus.<\/li>\n<li>Au\u00dfergew\u00f6hnliche Managementf\u00e4higkeiten und Erfahrungen beim Aufbau von Vertriebsteams.<\/li>\n<\/ul>\n<h4>Firmenprofil:<\/h4>\n<p>Die Kruse Electronics AG ist ein weltweit f\u00fchrender Distributor in der Distribution elektronischer Bauelemente mit Hauptsitz in Cham\/Schweiz. F\u00fcr die Erschlie\u00dfung neuer M\u00e4rkte suchen wir einen Vertriebsingenieur in den Bereichen Automotive, Consumer Goods, FPGA, Healthcare, Hi-Rel, IoT, Industry, Lighting, RenewableEnergy, Power, RF&amp; Wireless.<\/p>\n<h4>Zu Ihren Aufgaben geh\u00f6ren:<\/h4>\n<ul>\n<li>Akquise von Neukunden &amp; Auftr\u00e4gen<\/li>\n<li>Ausbau und Pflege nationaler und internationaler Kundenbeziehungen<\/li>\n<li>Erstellung von Forecast \/ Budget<\/li>\n<li>Verhandlungsf\u00fchrung \u00fcber Preis und Rahmenbedingungen<\/li>\n<li>Projektbegleitung als Schnittstelle zwischen unseren Kunden und Lieferanten<\/li>\n<li>Umsetzung der Vertriebsstrategie und Vertriebsziele gem\u00e4\u00df den Vorgaben der Gesch\u00e4ftsf\u00fchrung<\/li>\n<li>Akquise bestehender Kunden<\/li>\n<li>Sicherstellung einer korrekten Kalkulation und Angebotserstellung<\/li>\n<\/ul>\n<h4>Dein Profil:<\/h4>\n<ul>\n<li>Ein erfolgreich abgeschlossenes Hochschulstudium (FH, Uni) im Bereich Elektronik, vorzugsweise mit Schwerpunkt Elektrotechnik oder eine ad\u00e4quate technische Ausbildung<\/li>\n<li>Eine ausgepr\u00e4gte Kundenorientierung und technisches Verst\u00e4ndnis<\/li>\n<li>Organisationstalent, Teamgeist und Kommunikationsf\u00e4higkeit<\/li>\n<li>Eigenst\u00e4ndige Arbeitsweise sowie ein hohes Ma\u00df an Eigeninitiative und Verantwortung<\/li>\n<li>Kenntnisse in Outlook, Word, Excel, Power Point und relevanten ERP-Systemen<\/li>\n<li>Reisebereitschaft und F\u00fchrerschein erforderlich<\/li>\n<li>Sicheres Auftreten, offener Kommunikationsstil, Teamf\u00e4higkeit<\/li>\n<li>Flie\u00dfendes Englisch in Wort und Schrift ist erforderlich<\/li>\n<li>Freude am Verkaufen und eine gewinnende Pers\u00f6nlichkeit<\/li>\n<\/ul>\n<h4>Wir bieten:<\/h4>\n<ul>\n<li>Eine herausfordernde Aufgabe mit sehr guten Entwicklungsm\u00f6glichkeiten f\u00fcr eigenverantwortliche und kreative L\u00f6sungen, unterst\u00fctzt durch ein dynamisches Team.<\/li>\n<li>Durch die vielf\u00e4ltigen T\u00e4tigkeitsfelder von Kruse bieten sich unseren Mitarbeitern weltweit vielf\u00e4ltige Karrierem\u00f6glichkeiten.<\/li>\n<li>Arbeiten aus dem Homeoffice ist m\u00f6glich und flexible Arbeitszeiten.<\/li>\n<li>Wir erwarten von Ihnen selbstst\u00e4ndiges Arbeiten in famili\u00e4rer Atmosph\u00e4re mit leistungsgerechter Bezahlung und guten Entwicklungsm\u00f6glichkeiten<\/li>\n<\/ul>\n<p><strong>Haben wir Ihr Interesse geweckt?<\/strong><\/p>\n<\/div><\/div><\/div><\/div>\n<\/div>\n<\/div>\n","protected":false},"excerpt":{"rendered":"<p>Wir suchen Sie Wir sind immer offen f\u00fcr neue Kandidaten Wir sind immer offen f\u00fcr neue Kandidaten, also senden Sie bitte Ihre Informationen an hr@kruse.swiss und wir werden sehen, ob jetzt ein Platz f\u00fcr Sie frei ist oder ob Sie sp\u00e4ter f\u00fcr etwas in Frage kommen! Bitte \u00fcberpr\u00fcfen Sie auch alle unsere offenen Stellen.<\/p>\n","protected":false},"author":1,"featured_media":1197,"parent":0,"menu_order":0,"comment_status":"closed","ping_status":"closed","template":"","meta":{"footnotes":""},"class_list":["post-1232","page","type-page","status-publish","has-post-thumbnail","hentry"],"_links":{"self":[{"href":"https:\/\/www.kruse.swiss\/de\/wp-json\/wp\/v2\/pages\/1232","targetHints":{"allow":["GET"]}}],"collection":[{"href":"https:\/\/www.kruse.swiss\/de\/wp-json\/wp\/v2\/pages"}],"about":[{"href":"https:\/\/www.kruse.swiss\/de\/wp-json\/wp\/v2\/types\/page"}],"author":[{"embeddable":true,"href":"https:\/\/www.kruse.swiss\/de\/wp-json\/wp\/v2\/users\/1"}],"replies":[{"embeddable":true,"href":"https:\/\/www.kruse.swiss\/de\/wp-json\/wp\/v2\/comments?post=1232"}],"version-history":[{"count":3,"href":"https:\/\/www.kruse.swiss\/de\/wp-json\/wp\/v2\/pages\/1232\/revisions"}],"predecessor-version":[{"id":1390,"href":"https:\/\/www.kruse.swiss\/de\/wp-json\/wp\/v2\/pages\/1232\/revisions\/1390"}],"wp:featuredmedia":[{"embeddable":true,"href":"https:\/\/www.kruse.swiss\/de\/wp-json\/wp\/v2\/media\/1197"}],"wp:attachment":[{"href":"https:\/\/www.kruse.swiss\/de\/wp-json\/wp\/v2\/media?parent=1232"}],"curies":[{"name":"wp","href":"https:\/\/api.w.org\/{rel}","templated":true}]}}