{"id":1236,"date":"2023-01-19T15:02:33","date_gmt":"2023-01-19T15:02:33","guid":{"rendered":"https:\/\/www.kruse.swiss\/geschaeftsleitung\/"},"modified":"2023-01-21T18:04:56","modified_gmt":"2023-01-21T18:04:56","slug":"geschaeftsleitung","status":"publish","type":"page","link":"https:\/\/www.kruse.swiss\/de\/geschaeftsleitung\/","title":{"rendered":"Gesch\u00e4ftsleitung"},"content":{"rendered":"\n<div class=\"wp-block-columns top-heading-section is-layout-flex wp-container-core-columns-is-layout-9d6595d7 wp-block-columns-is-layout-flex\">\n<div class=\"wp-block-column top-heading-content is-layout-flow wp-block-column-is-layout-flow\" style=\"flex-basis:100%\">\n<h3 class=\"wp-block-heading\">Gesch\u00e4ftsleitung<\/h3>\n\n\n\n<h2 class=\"wp-block-heading\">Unsere Gesch\u00e4ftsleitung<\/h2>\n<\/div>\n<\/div>\n\n\n\n<div class=\"wp-block-columns team-management-section is-layout-flex wp-container-core-columns-is-layout-9d6595d7 wp-block-columns-is-layout-flex\">\n<div class=\"wp-block-column team-management-content is-layout-flow wp-block-column-is-layout-flow\" style=\"flex-basis:100%\">\n<h3 class=\"wp-block-heading\">F\u00fcr die traditionellen Werte eines Familienunternehmens steht unsere Unternehmensf\u00fchrung ebenso wie f\u00fcr die Innovationskraft eines Marktf\u00fchrers.<\/h3>\n\n\n \r\n\r\n\t\t<div class=\"wp-tsas-wrp tsas-enable-popup \" id=\"tsas-wrp-1\">\r\n\t  \t\t<div class=\"wp_teamshowcase_grid design-1\">\r\n\t\t\t\t\r\n<div class=\"team-grid tsas-first wp-tsas-medium-4 wp-tsas-columns\">\r\n\r\n\t\t\t<div class=\"teamshowcase-image-bg\">\r\n\t\t\t<img decoding=\"async\"  src=\"https:\/\/www.kruse.swiss\/wp-content\/uploads\/2022\/11\/Klaus-Kruse.jpg\" alt=\"Klaus Kruse\" \/>\r\n\t\t\t\t\t\t<a class=\"teamshowcase-hover-icon popup-modal\" data-mfp-src=\"#popup-1-1\" href=\"javascript:void(0);\"><i class=\"fa fa-plus-circle\"><\/i><\/a>\r\n\t\t\t\t\t<\/div>\r\n\t\r\n\t<div class=\"member-content\">\r\n\t\t<div class=\"member-name\">Klaus Kruse<\/div>\r\n\t\t\t\t<div class=\"member-job\"> \r\n\t\t\tGesch\u00e4ftsf\u00fchrer und Gr\u00fcnder\t\t<\/div>\r\n\t\t\r\n\t\t<div class=\"member-desc\"> \r\n\t\t\t<p>Klaus Kruse ist Vorstandsvorsitzender der Kruse Electronics AG. Er gilt als Branchenexperte mit \u00fcber 30 Jahren Erfahrung und wird von Branchenvertretern durchweg als f\u00fchrend anerkannt. Vor der Gr\u00fcndung der Kruse Electronics AG leitete Klaus heute auch noch die Karl Kruse GmbH &amp; CO KG in D\u00fcsseldorf\/Deutschland.<\/p>\n \r\n\t\t<\/div>\r\n\t\t\t\t\t<div class=\"other-info\">\r\n\t\t\tKlaus Kruse ist Vorstandsvorsitzender der Kruse Electronics AG. Er gilt als Branchenexperte mit \u00fcber 30 Jahren Erfahrung und wird von Branchenvertretern durchweg als f\u00fchrend anerkannt. Vor der Gr\u00fcndung der Kruse Electronics AG leitete Klaus heute auch noch die Karl Kruse GmbH & CO KG in D\u00fcsseldorf\/Deutschland.\t\t\t<\/div>\r\n\t\t\t<\/div>\r\n\r\n\t<\/div>\r\n<div id=\"popup-1-1\" class=\"mfp-hide white-popup-block wp-tsas-popup-wrp\">\r\n\t<header>\r\n\t\t<div class=\"wp-modal-header ng-scope\" style=\"background:url(https:\/\/www.kruse.swiss\/wp-content\/uploads\/2022\/11\/Klaus-Kruse.jpg) center top no-repeat;\">\r\n\t\t\t<div class=\"member-popup-info\">\r\n\t\t\t\t<div class=\"member-name\">Klaus Kruse<\/div>\r\n\t\t\t\t\t\t\t\t\t<div class=\"member-job\"> \r\n\t\t\t\t\t\tGesch\u00e4ftsf\u00fchrer und Gr\u00fcnder\t\t\t\t\t<\/div>\r\n\t\t\t\t\t\t\t<\/div>\r\n\t\t<\/div>\r\n\t<\/header>\r\n\r\n\t<div class=\"wp-modal-body\">\r\n\t\t\t\t\t<div class=\"other-info\">\r\n\t\t\t\tKlaus Kruse ist Vorstandsvorsitzender der Kruse Electronics AG. Er gilt als Branchenexperte mit \u00fcber 30 Jahren Erfahrung und wird von Branchenvertretern durchweg als f\u00fchrend anerkannt. Vor der Gr\u00fcndung der Kruse Electronics AG leitete Klaus heute auch noch die Karl Kruse GmbH & CO KG in D\u00fcsseldorf\/Deutschland.\t\t\t<\/div>\r\n\t\t<p>Klaus Kruse ist Vorstandsvorsitzender der Kruse Electronics AG. Er gilt als Branchenexperte mit \u00fcber 30 Jahren Erfahrung und wird von Branchenvertretern durchweg als f\u00fchrend anerkannt. Vor der Gr\u00fcndung der Kruse Electronics AG leitete Klaus heute auch noch die Karl Kruse GmbH &amp; CO KG in D\u00fcsseldorf\/Deutschland.<\/p>\n\t<\/div>\r\n\r\n<\/div>\t\t\t<\/div>\r\n\t\t<\/div>\r\n\t\n<\/div>\n<\/div>\n","protected":false},"excerpt":{"rendered":"<p>Gesch\u00e4ftsleitung Unsere Gesch\u00e4ftsleitung F\u00fcr die traditionellen Werte eines Familienunternehmens steht unsere Unternehmensf\u00fchrung ebenso wie f\u00fcr die Innovationskraft eines Marktf\u00fchrers.<\/p>\n","protected":false},"author":1,"featured_media":1186,"parent":0,"menu_order":0,"comment_status":"closed","ping_status":"closed","template":"","meta":{"footnotes":""},"class_list":["post-1236","page","type-page","status-publish","has-post-thumbnail","hentry"],"_links":{"self":[{"href":"https:\/\/www.kruse.swiss\/de\/wp-json\/wp\/v2\/pages\/1236","targetHints":{"allow":["GET"]}}],"collection":[{"href":"https:\/\/www.kruse.swiss\/de\/wp-json\/wp\/v2\/pages"}],"about":[{"href":"https:\/\/www.kruse.swiss\/de\/wp-json\/wp\/v2\/types\/page"}],"author":[{"embeddable":true,"href":"https:\/\/www.kruse.swiss\/de\/wp-json\/wp\/v2\/users\/1"}],"replies":[{"embeddable":true,"href":"https:\/\/www.kruse.swiss\/de\/wp-json\/wp\/v2\/comments?post=1236"}],"version-history":[{"count":7,"href":"https:\/\/www.kruse.swiss\/de\/wp-json\/wp\/v2\/pages\/1236\/revisions"}],"predecessor-version":[{"id":1385,"href":"https:\/\/www.kruse.swiss\/de\/wp-json\/wp\/v2\/pages\/1236\/revisions\/1385"}],"wp:featuredmedia":[{"embeddable":true,"href":"https:\/\/www.kruse.swiss\/de\/wp-json\/wp\/v2\/media\/1186"}],"wp:attachment":[{"href":"https:\/\/www.kruse.swiss\/de\/wp-json\/wp\/v2\/media?parent=1236"}],"curies":[{"name":"wp","href":"https:\/\/api.w.org\/{rel}","templated":true}]}}