{"id":1243,"date":"2023-01-19T15:18:37","date_gmt":"2023-01-19T15:18:37","guid":{"rendered":"https:\/\/www.kruse.swiss\/mission-werte-vision\/"},"modified":"2023-01-21T18:07:01","modified_gmt":"2023-01-21T18:07:01","slug":"mission-werte-vision","status":"publish","type":"page","link":"https:\/\/www.kruse.swiss\/de\/mission-werte-vision\/","title":{"rendered":"Mission, Werte, Vision"},"content":{"rendered":"\n<div class=\"wp-block-columns top-heading-section is-layout-flex wp-container-core-columns-is-layout-9d6595d7 wp-block-columns-is-layout-flex\">\n<div class=\"wp-block-column top-heading-content is-layout-flow wp-block-column-is-layout-flow\" style=\"flex-basis:100%\">\n<h3 class=\"wp-block-heading\">Mission, Werte, Vision<\/h3>\n\n\n\n<h2 class=\"wp-block-heading\">Strategische Beschaffungsl\u00f6sungen<\/h2>\n<\/div>\n<\/div>\n\n\n\n<div class=\"wp-block-columns mission-values-vision-section is-layout-flex wp-container-core-columns-is-layout-9d6595d7 wp-block-columns-is-layout-flex\">\n<div class=\"wp-block-column is-layout-flow wp-block-column-is-layout-flow\" style=\"flex-basis:33.33%\"><div class=\"wp-block-image\">\n<figure class=\"aligncenter size-full\"><img loading=\"lazy\" decoding=\"async\" width=\"125\" height=\"125\" src=\"https:\/\/www.kruse.swiss\/wp-content\/uploads\/2022\/12\/Mission.png\" alt=\"\" class=\"wp-image-496\" srcset=\"https:\/\/www.kruse.swiss\/wp-content\/uploads\/2022\/12\/Mission.png 125w, https:\/\/www.kruse.swiss\/wp-content\/uploads\/2022\/12\/Mission-100x100.png 100w\" sizes=\"auto, (max-width: 125px) 100vw, 125px\" \/><\/figure>\n<\/div>\n\n\n<h2 class=\"wp-block-heading\">Mission<\/h2>\n\n\n\n<p>Mit strategischen Beschaffungsl\u00f6sungen Probleme in der Lieferkette l\u00f6sen.<\/p>\n<\/div>\n\n\n\n<div class=\"wp-block-column is-layout-flow wp-block-column-is-layout-flow\" style=\"flex-basis:33.33%\"><div class=\"wp-block-image\">\n<figure class=\"aligncenter size-full\"><img loading=\"lazy\" decoding=\"async\" width=\"125\" height=\"125\" src=\"https:\/\/www.kruse.swiss\/wp-content\/uploads\/2022\/12\/Values.png\" alt=\"\" class=\"wp-image-497\" srcset=\"https:\/\/www.kruse.swiss\/wp-content\/uploads\/2022\/12\/Values.png 125w, https:\/\/www.kruse.swiss\/wp-content\/uploads\/2022\/12\/Values-100x100.png 100w\" sizes=\"auto, (max-width: 125px) 100vw, 125px\" \/><\/figure>\n<\/div>\n\n\n<h2 class=\"wp-block-heading\">Werte<\/h2>\n\n\n\n<ul class=\"wp-block-list\"><li><strong>Anpassung:<\/strong> In der sich st\u00e4ndig ver\u00e4ndernden Welt von heute flexibel sein<\/li><li><strong>Integrit\u00e4t:<\/strong> Wir tun das Richtige<\/li><li><strong>Zuverl\u00e4ssigkeit:<\/strong> Wir begleiten Sie von Anfang an<\/li><li><strong>Teamarbeit:<\/strong> Arbeiten Sie gemeinsam an unseren Ergebnissen<\/li><\/ul>\n<\/div>\n\n\n\n<div class=\"wp-block-column is-layout-flow wp-block-column-is-layout-flow\" style=\"flex-basis:33.33%\"><div class=\"wp-block-image\">\n<figure class=\"aligncenter size-full\"><img loading=\"lazy\" decoding=\"async\" width=\"125\" height=\"125\" src=\"https:\/\/www.kruse.swiss\/wp-content\/uploads\/2022\/12\/Vision.png\" alt=\"\" class=\"wp-image-498\" srcset=\"https:\/\/www.kruse.swiss\/wp-content\/uploads\/2022\/12\/Vision.png 125w, https:\/\/www.kruse.swiss\/wp-content\/uploads\/2022\/12\/Vision-100x100.png 100w\" sizes=\"auto, (max-width: 125px) 100vw, 125px\" \/><\/figure>\n<\/div>\n\n\n<h2 class=\"wp-block-heading\">Vision<\/h2>\n\n\n\n<p>Wir stellen die Vision unserer Kunden an die erste Stelle \u2013 der weltweit f\u00fchrende unabh\u00e4ngiger Distributor zu sein<\/p>\n\n\n\n<ul class=\"wp-block-list\"><li>Antizipieren Sie die Bed\u00fcrfnisse unserer Kunden<\/li><li>Kontinuierliche Erh\u00f6hung der Qualit\u00e4tsstandards f\u00fcr alle Distributoren<\/li><li>Erweitern Sie unsere Produktbasis<\/li><li>Wachstumsm\u00e4rkte f\u00f6rdern<\/li><li>Zusammenarbeit mit Lieferanten aus allen Bereichen<\/li><\/ul>\n<\/div>\n<\/div>\n","protected":false},"excerpt":{"rendered":"<p>Mission, Werte, Vision Strategische Beschaffungsl\u00f6sungen Mission Mit strategischen Beschaffungsl\u00f6sungen Probleme in der Lieferkette l\u00f6sen. Werte Anpassung: In der sich st\u00e4ndig ver\u00e4ndernden Welt von heute flexibel sein Integrit\u00e4t: Wir tun das Richtige Zuverl\u00e4ssigkeit: Wir begleiten Sie von Anfang an Teamarbeit: Arbeiten Sie gemeinsam an unseren Ergebnissen Vision Wir stellen die Vision unserer Kunden an die erste &hellip; <\/p>\n<p class=\"link-more\"><a href=\"https:\/\/www.kruse.swiss\/de\/mission-werte-vision\/\" class=\"more-link\"><span class=\"screen-reader-text\">\u201eMission, Werte, Vision\u201c<\/span> weiterlesen<\/a><\/p>\n","protected":false},"author":1,"featured_media":1191,"parent":0,"menu_order":0,"comment_status":"closed","ping_status":"closed","template":"","meta":{"footnotes":""},"class_list":["post-1243","page","type-page","status-publish","has-post-thumbnail","hentry"],"_links":{"self":[{"href":"https:\/\/www.kruse.swiss\/de\/wp-json\/wp\/v2\/pages\/1243","targetHints":{"allow":["GET"]}}],"collection":[{"href":"https:\/\/www.kruse.swiss\/de\/wp-json\/wp\/v2\/pages"}],"about":[{"href":"https:\/\/www.kruse.swiss\/de\/wp-json\/wp\/v2\/types\/page"}],"author":[{"embeddable":true,"href":"https:\/\/www.kruse.swiss\/de\/wp-json\/wp\/v2\/users\/1"}],"replies":[{"embeddable":true,"href":"https:\/\/www.kruse.swiss\/de\/wp-json\/wp\/v2\/comments?post=1243"}],"version-history":[{"count":4,"href":"https:\/\/www.kruse.swiss\/de\/wp-json\/wp\/v2\/pages\/1243\/revisions"}],"predecessor-version":[{"id":1386,"href":"https:\/\/www.kruse.swiss\/de\/wp-json\/wp\/v2\/pages\/1243\/revisions\/1386"}],"wp:featuredmedia":[{"embeddable":true,"href":"https:\/\/www.kruse.swiss\/de\/wp-json\/wp\/v2\/media\/1191"}],"wp:attachment":[{"href":"https:\/\/www.kruse.swiss\/de\/wp-json\/wp\/v2\/media?parent=1243"}],"curies":[{"name":"wp","href":"https:\/\/api.w.org\/{rel}","templated":true}]}}