{"id":1299,"date":"2023-01-20T13:59:55","date_gmt":"2023-01-20T13:59:55","guid":{"rendered":"https:\/\/www.kruse.swiss\/datenschutz-bestimmungen\/"},"modified":"2023-01-20T14:45:14","modified_gmt":"2023-01-20T14:45:14","slug":"datenschutz-bestimmungen","status":"publish","type":"page","link":"https:\/\/www.kruse.swiss\/de\/datenschutz-bestimmungen\/","title":{"rendered":"Datenschutz-Bestimmungen"},"content":{"rendered":"\n<div class=\"wp-block-columns top-heading-section is-layout-flex wp-container-core-columns-is-layout-9d6595d7 wp-block-columns-is-layout-flex\">\n<div class=\"wp-block-column top-heading-content is-layout-flow wp-block-column-is-layout-flow\" style=\"flex-basis:100%\">\n<h3 class=\"wp-block-heading\">Datenschutz-Bestimmungen<\/h3>\n<\/div>\n<\/div>\n\n\n\n<div class=\"wp-block-columns privacy-policy-section is-layout-flex wp-container-core-columns-is-layout-9d6595d7 wp-block-columns-is-layout-flex\">\n<div class=\"wp-block-column privacy-policy-content is-layout-flow wp-block-column-is-layout-flow\" style=\"flex-basis:100%\">\n<h2 class=\"wp-block-heading\">Datenschutzerkl\u00e4rung<\/h2>\n\n\n\n<h3 class=\"wp-block-heading\">1. Datenschutz im \u00dcberblick<\/h3>\n\n\n\n<p><strong>Allgemeine Informationen<\/strong><\/p>\n\n\n\n<p>Der Schutz und die Sicherheit personenbezogener Daten haben f\u00fcr uns einen hohen Stellenwert. Nachfolgend werden Sie dar\u00fcber informiert, was mit Ihren personenbezogenen Daten passiert, wenn Sie unsere Website besuchen. Personenbezogene Daten sind alle Daten, die Sie pers\u00f6nlich identifizieren. Hierunter fallen z.B. Bestandsdaten (z.B. Name, Anschrift), Kontaktdaten (z.B. E-Mail, Telefon), Inhaltsdaten (z.B. Texteingaben, Fotos, Videos), Nutzerverhalten (z.B. Webseiten, Interesse an Inhalten, Zugriffszeiten). ), Meta-\/Kommunikationsdaten (zB Ger\u00e4teinformationen, IP-Adressen). Hinsichtlich der weiteren Begrifflichkeiten, insbesondere der Begriffe \u201eVerarbeitung\u201c und \u201eEinwilligung\u201c, verweisen wir auf die gesetzlichen Datenschutzbestimmungen. Ausf\u00fchrliche Informationen zum Thema Datenschutz finden Sie in unserer unter diesem Text aufgef\u00fchrten Datenschutzerkl\u00e4rung.<\/p>\n\n\n\n<p><strong>Datenerhebung auf unserer Website<\/strong><\/p>\n\n\n\n<p><strong>Wer ist f\u00fcr die Datenerhebung auf dieser Website verantwortlich?<\/strong><\/p>\n\n\n\n<p>Auf dieser Website erfolgt die Datenverarbeitung durch den Websitebetreiber: <\/p>\n\n\n\n<p>Kruse Electronics AG<br>Gewerbestrasse 5<br>6330 Cham<br>Schweiz<\/p>\n\n\n\n<p><strong>E-Mail:<\/strong> <a href=\"mailto:datenschutz@kruse.swiss\" data-mce-href=\"mailto:datenschutz@kruse.swiss\">datenschutz@kruse.swiss<\/a><\/p>\n\n\n\n<p><strong>Telefonnummer:<\/strong> <a href=\"tel:+41415524890\" data-mce-href=\"tel:+41415524890\">+41 41 552 4890<\/a><\/p>\n\n\n\n<p><strong>Wie erheben wir Ihre Daten?<\/strong><\/p>\n\n\n\n<p>Ihre Daten werden zum einen dadurch erhoben, dass Sie uns diese mitteilen. Dies kann z.B. um Daten zu handeln, die Sie in ein Kontaktformular eingeben.<\/p>\n\n\n\n<p>Andere Daten werden beim Besuch der Website automatisch durch unsere IT-Systeme erfasst. Das sind vor allem technische Daten (z.B. Internetbrowser, Betriebssystem oder Uhrzeit des Seitenaufrufs). Die Erfassung dieser Daten erfolgt automatisch, sobald Sie unsere Website <\/p>\n\n\n\n<p><strong>Wof\u00fcr verwenden wir Ihre Daten?<\/strong><\/p>\n\n\n\n<p>Ein Teil der Daten wird erhoben, um eine fehlerfreie Bereitstellung der Website zu gew\u00e4hrleisten. Andere Daten k\u00f6nnen zur Analyse Ihres Nutzerverhaltens verwendet werden.<\/p>\n\n\n\n<p><strong>Welche Rechte haben Sie bez\u00fcglich Ihrer Daten?<\/strong><\/p>\n\n\n\n<p>Da unsere Dienstleistungen sowohl an Schweizerkunden als auch an Kunden in der europ\u00e4ischen Union gerichtet sind, erf\u00fcllt unsere Datenbearbeitung sowohl die rechtlichen Vorgaben der Europ\u00e4ischen Union sowie der Schweizer Datenschutzgesetzgebung. <\/p>\n\n\n\n<p>Sie habengest\u00fctzt auf diese gesetzlichen Rahmenbedingungen jederzeit das Recht auf unentgeltliche Auskunft \u00fcber Herkunft, Empf\u00e4nger und Zweck Ihrer gespeicherten personenbezogenen Daten. Sie haben au\u00dferdem ein Recht, die Berichtigung, Sperrung oder L\u00f6schung dieser Daten zu verlangen. Hierzu sowie zu weiteren Fragen zum Thema Datenschutz k\u00f6nnen Sie sich jederzeit mit einer Nachricht an die folgende E-Mailadresse: <a href=\"mailto:datenschutz@kruse.swiss\" data-mce-href=\"mailto:datenschutz@kruse.swiss\">datenschutz@kruse.swiss<\/a> oder mit einem Telefonanruf an die folgende Nummer:<a href=\"tel:+41415524890\" data-mce-href=\"tel:+41415524890\">+41 41 552 4890 <\/a>wenden<strong>.<\/strong><\/p>\n\n\n\n<p>Des Weiteren steht Ihnen ein Beschwerderecht bei der zust\u00e4ndigen Aufsichtsbeh\u00f6rde zu.<\/p>\n\n\n\n<p><strong>An wen wenden Sie sich mit einer Beschwerde?<\/strong><\/p>\n\n\n\n<p>Im Falle datenschutzrechtlicher Verst\u00f6\u00dfe steht der betroffenen Person ein Beschwerderecht bei der zust\u00e4ndigen Aufsichtsbeh\u00f6rde zu. F\u00fcr unsere Datenbearbeitung in der Schweiz ist die zust\u00e4ndige Aufsichtsbeh\u00f6rde in datenschutzrechtlichen Fragen der Eidgen\u00f6ssische Datenschutz- und \u00d6ffentlichkeitsbeauftragte. <\/p>\n\n\n\n<p>Eidgen\u00f6ssischer Datenschutz- und \u00d6ffentlichkeitsbeauftragter<br>Feldeggweg 1<br>CH &#8211; 3003 Bern<\/p>\n\n\n\n<p><a href=\"https:\/\/www.edoeb.admin.ch\/edoeb\/de\/home\/der-edoeb\/kontakt\/adresse.html\">https:\/\/www.edoeb.admin.ch\/edoeb\/de\/home\/der-edoeb\/kontakt\/adresse.html<\/a><\/p>\n\n\n\n<p><strong>Analysetools und Tools von Drittanbietern<\/strong><\/p>\n\n\n\n<p>Beim Besuch unserer Website kann Ihr Surfverhalten statistisch ausgewertet werden. Dies geschieht haupts\u00e4chlich mit Cookies und mit sogenannten Analyseprogrammen. Die Analyse Ihres Surfverhaltens erfolgt in der Regel anonym; das Surfverhalten kann nicht auf Sie zur\u00fcckgef\u00fchrt werden. Sie k\u00f6nnen dieser Analyse widersprechen oder sie durch die Nichtbenutzung bestimmter Tools verhindern.Sie k\u00f6nnen dieser Analyse widersprechen.<\/p>\n\n\n\n<p>\u00dcber die Widerspruchsm\u00f6glichkeiten werden wir Sie in dieser Datenschutzerkl\u00e4rung informieren.<\/p>\n\n\n\n<h3 class=\"wp-block-heading\">2. Allgemeine Informationen und Pflichtangaben<\/h3>\n\n\n\n<p><strong>DATENSCHUTZ<\/strong><\/p>\n\n\n\n<p>Die Betreiber dieser Seiten nehmen den Schutz Ihrer pers\u00f6nlichen Daten sehr ernst. Wir behandeln Ihre personenbezogenen Daten vertraulich und entsprechend der gesetzlichen Datenschutzvorschriften sowie dieser Datenschutzerkl\u00e4rung.<\/p>\n\n\n\n<p>Wenn Sie diese Website nutzen, werden verschiedene personenbezogene Daten erhoben. Personenbezogene Daten sind Informationen, die Sie pers\u00f6nlich identifizieren. Diese Datenschutzrichtlinie erkl\u00e4rt, welche Informationen wir sammeln und wof\u00fcr wir sie verwenden. Au\u00dferdem wird erl\u00e4utert, wie und zu welchem Zweck dies geschieht.<\/p>\n\n\n\n<p>Wir weisen darauf hin, dass die Daten\u00fcbertragung im Internet (z.B. bei der Kommunikation per E-Mail) Sicherheitsl\u00fccken aufweisen kann. Ein l\u00fcckenloser Schutz der Daten vor dem Zugriff durch Dritte ist nicht m\u00f6glich.<\/p>\n\n\n\n<p><strong>Widerruf Ihrer Einwilligung zur Datenverarbeitung<\/strong><\/p>\n\n\n\n<p>Viele Datenverarbeitungsvorg\u00e4nge sind nur mit Ihrer ausdr\u00fccklichen Einwilligung m\u00f6glich. Eine bestehende Einwilligung k\u00f6nnen Sie jederzeit widerrufen. Dazu reicht eine formlose Mitteilung per E-Mail an uns. Die Rechtm\u00e4\u00dfigkeit der bis zum Widerruf erfolgten Datenverarbeitungen bleibt vom Widerruf unber\u00fchrt.<\/p>\n\n\n\n<p><strong>Recht auf Daten\u00fcbertragbarkeit<\/strong><\/p>\n\n\n\n<p>Sie haben das Recht, Daten, die wir auf Grundlage Ihrer Einwilligung oder in Erf\u00fcllung eines Vertrages verarbeiten, an sich oder an einen Dritten in einem g\u00e4ngigen, maschinenlesbaren Format aush\u00e4ndigen zu lassen. Sofern Sie die direkte \u00dcbertragung der Daten an einen anderen Verantwortlichen verlangen, erfolgt dies nur, soweit es technisch machbar ist.<\/p>\n\n\n\n<p><strong>SSL- oder TLS-Verschl\u00fcsselung<\/strong><\/p>\n\n\n\n<p>Diese Seite nutzt aus Sicherheitsgr\u00fcnden und zum Schutz der \u00dcbertragung vertraulicher Inhalte, wie zum Beispiel Bestellungen oder Anfragen, die Sie an uns als Seitenbetreiber senden, eine SSL-bzw. TLS-Verschl\u00fcsselung. Eine verschl\u00fcsselte Verbindung erkennen Sie daran, dass die Adresszeile des Browsers von \u201ehttp:\/\/\u201c auf \u201ehttps:\/\/\u201c wechselt und an dem Schloss-Symbol in Ihrer Browserzeile.<\/p>\n\n\n\n<p>Bei aktivierter SSL- bzw. TLS-Verschl\u00fcsselung k\u00f6nnen die von Ihnen an uns \u00fcbermittelten Daten nicht von Dritten mitgelesen werden.<\/p>\n\n\n\n<p><strong>AUSKUNFT, SPERRUNG, L\u00d6SCHUNG<\/strong><\/p>\n\n\n\n<p>Sie haben im Rahmen der geltenden gesetzlichen Bestimmungen jederzeit das Recht auf unentgeltliche Auskunft \u00fcber Ihre gespeicherten personenbezogenen Daten, deren Herkunft und Empf\u00e4nger und den Zweck der Datenverarbeitung und ggf. ein Recht auf Berichtigung, Sperrung oder L\u00f6schung dieser Daten. Hierzu sowie zu weiteren Fragen zum Thema personenbezogene Daten k\u00f6nnen Sie sich jederzeit unter der im Impressum angegebenen Adresse an uns wenden.<\/p>\n\n\n\n<h3 class=\"wp-block-heading\">3. Datenerfassung auf unserer Webseite<\/h3>\n\n\n\n<p><strong>Cookies<\/strong><\/p>\n\n\n\n<p>Die Internetseiten verwenden teilweise so genannte Cookies. Cookies richten auf Ihrem Rechner keinen Schaden an und enthalten keine Viren. Cookies dienen dazu, unser Angebot nutzerfreundlicher, effektiver und sicherer zu machen. Cookies sind kleine Textdateien, die auf Ihrem Rechner abgelegt werden und die Ihr Browser speichert.<\/p>\n\n\n\n<p>Die meisten der von uns verwendeten Cookies sind so genannte \u201cSession-Cookies\u201d. Sie werden nach Ende Ihres Besuchs automatisch gel\u00f6scht. Andere Cookies bleiben auf Ihrem Endger\u00e4t gespeichert bis Sie diese l\u00f6schen. Diese Cookies erm\u00f6glichen es uns, Ihren Browser beim n\u00e4chsten Besuch wiederzuerkennen.<\/p>\n\n\n\n<p>Sie k\u00f6nnen Ihren Browser so einstellen, dass Sie \u00fcber das Setzen von Cookies informiert werden und Cookies nur im Einzelfall erlauben, die Annahme von Cookies f\u00fcr bestimmte F\u00e4lle oder generell ausschlie\u00dfen sowie das automatische L\u00f6schen der Cookies beim Schlie\u00dfen des Browser aktivieren. Bei der Deaktivierung von Cookies kann die Funktionalit\u00e4t dieser Website eingeschr\u00e4nkt sein.<\/p>\n\n\n\n<p>Cookies, die zur Durchf\u00fchrung des elektronischen Kommunikationsvorgangs oder zur Bereitstellung bestimmter, von Ihnen erw\u00fcnschter Funktionen (z.B. Warenkorbfunktion) erforderlich sind, werden auf Grundlage von Art. 6 Abs. 1 lit. f DSGVO gespeichert. Der Websitebetreiber hat ein berechtigtes Interesse an der Speicherung von Cookies zur technisch fehlerfreien und optimierten Bereitstellung seiner Dienste. Soweit andere Cookies (z.B. Cookies zur Analyse Ihres Surfverhaltens) gespeichert werden, werden diese in dieser Datenschutzerkl\u00e4rung gesondert behandelt<\/p>\n\n\n\n<p><strong>SPEICHERUNG DER ZUGRIFFSDATEN UND SERVER-LOGFILES<\/strong><\/p>\n\n\n\n<p>Bei jedem Zugriff eines Nutzers auf eine Seite aus unserem Internet-Angebot und bei jedem Abruf einer Datei werden auf unserem Web-Server automatisch Daten \u00fcber diesen Vorgang in einer Protokolldatei gespeichert und verarbeitet. Im Einzelnen werden \u00fcber jeden Zugriff bzw. Abruf folgende Daten gespeichert:<\/p>\n\n\n\n<p>&#8211; IP-Adresse des beauftragendenRechners<br>&#8211; Datum und Uhrzeit der Anfrage<br>&#8211; aufgerufene Seite\/Name der abgerufenen Datei<br>&#8211; \u00fcbertragendeDatenmenge<br>&#8211; Meldung, ob der Zugriff\/Abruf erfolgreich war<br>&#8211; Internet-Addresse, von der aus die Seite bzw. Datei abgerufen bzw. die gew\u00fcnschte Funktion veranlasst wurde<br>&#8211; verwendeter Web-Browser<\/p>\n\n\n\n<p>Die zuvor genannten Daten einschlie\u00dflich der IP-Adresse werden f\u00fcr die Dauer des Kommunikationsvorgangs gespeichert, um die Nutzung unseres Internet-Angebots zu erm\u00f6glichen. Dar\u00fcber hinaus erfolgt f\u00fcr einen kurzen Zeitraum eine Speicherung der IP-Adresse zur Gew\u00e4hrleistung der IT-Sicherheit, insbesondere zum Schutz unserer IT-Systeme vor Missbrauch und zur Abwehr von Angriffen. Wir behalten uns vor, die Daten in anonymisierter Form f\u00fcr statistische Zwecke und zur Verbesserung unseres Internet-Angebots auszuwerten.<\/p>\n\n\n\n<p>Eine Zusammenf\u00fchrung dieser Daten mit anderen Datenquellen wird nicht vorgenommen.<\/p>\n\n\n\n<p>Grundlage f\u00fcr die Datenverarbeitung ist Art. 6 Abs. 1 lit. b DSGVO, der die Verarbeitung von Daten zur Erf\u00fcllung eines Vertrags oder vorvertraglicher Ma\u00dfnahmen gestattet.<\/p>\n\n\n\n<p><strong>Kontakt<\/strong><\/p>\n\n\n\n<p>Sie haben die M\u00f6glichkeit, uns \u00fcber unsere E-Mail-Adresse oder das Kontaktformular zu kontaktieren. Die uns auf diese Weise \u00fcbermittelten personenbezogenen Daten werden wir selbstverst\u00e4ndlich ausschlie\u00dflich f\u00fcr den Zweck verwenden, zu dem Sie uns diese bei der Kontaktierung zur Verf\u00fcgung stellen.<\/p>\n\n\n\n<p>Wenn Sie uns per Kontaktformular Anfragen zukommen lassen, werden Ihre Angaben aus dem Anfrageformular inklusive der von Ihnen dort angegebenen Kontaktdaten zwecks Bearbeitung der Anfrage und f\u00fcr den Fall von Anschlussfragen bei uns gespeichert. Diese Daten geben wir nicht ohne Ihre Einwilligung weiter.<\/p>\n\n\n\n<p>Die Verarbeitung der in das Kontaktformular eingegebenen Daten erfolgt somit ausschlie\u00dflich auf Grundlage Ihrer Einwilligung (Art. 6 Abs. 1 lit. a DSGVO). Sie k\u00f6nnen diese Einwilligung jederzeit widerrufen. Dazu reicht eine formlose Mitteilung per E-Mail an uns. Die Rechtm\u00e4\u00dfigkeit der bis zum Widerruf erfolgten Datenverarbeitungsvorg\u00e4nge bleibt vom Widerruf unber\u00fchrt.<\/p>\n\n\n\n<p>Die von Ihnen im Kontaktformular eingegebenen Daten verbleiben bei uns, bis Sie uns zur L\u00f6schung auffordern, Ihre Einwilligung zur Speicherung widerrufen oder der Zweck f\u00fcr die Datenspeicherung entf\u00e4llt (z.B. nach abgeschlossener Bearbeitung Ihrer Anfrage). Zwingende gesetzliche Bestimmungen \u2013 insbesondere Aufbewahrungsfristen \u2013 bleiben unber\u00fchrt<\/p>\n\n\n\n<p><strong>BEWERBUNG<\/strong><\/p>\n\n\n\n<p>Sie haben die M\u00f6glichkeit, uns \u00fcber unsere E-Mail-Adresse bei Karl Kruse zu bewerben. Ihre Online-Bewerbung wird direkt an die Personalabteilung weitergeleitet und selbstverst\u00e4ndlich vertraulich behandelt. Ihre Angaben werden wir selbstverst\u00e4ndlich ausschlie\u00dflich zur Bearbeitung Ihrer Bewerbung verwenden und nicht an Dritte weitergeben. Ihre personenbezogenen Daten werden nach Abschluss des Bewerbungsverfahrens sofort gel\u00f6scht, bzw. nach maximal 6 Monaten, sofern Sie uns nicht ausdr\u00fccklich Ihre Einwilligung f\u00fcr eine l\u00e4ngere Speicherung Ihrer Daten erteilt haben.<\/p>\n\n\n\n<p>Sollten Sie sich per E-Mail bei uns bewerben weisen wir ausdr\u00fccklich darauf hin, dass E-Mail-Anh\u00e4nge nicht verschl\u00fcsselt sind.<\/p>\n\n\n\n<p><strong>ERHEBUNG UND VERARBEITUNG PERSONENBEZOGENER DATEN<\/strong><\/p>\n\n\n\n<p>Personenbezogene Daten werden nur erhoben, wenn Sie diese von sich aus, zum Beispiel zur Durchf\u00fchrung eines Auftrages, einer Umfrage, eines Preisausschreibens oder einer Registrierung f\u00fcr personalisierte Dienste mitteilen. Dort werden Sie \u00fcber den beabsichtigten Verarbeitungszweck informiert und falls erforderlich um Ihre Zustimmung zur Speicherung gebeten.<\/p>\n\n\n\n<p>Die im Rahmen unserer Webseiten erhobenen personenbezogenen Daten werden ohne Ihre Einwilligung nur zur Auftragsabwicklung oder Bearbeitung Ihrer Anfragen genutzt. Die Nutzung dieser Daten bleibt auf Zwecke der Werbung und Markt- und Meinungsforschung beschr\u00e4nkt. Ihre jeweilige Einwilligung k\u00f6nnen Sie jederzeit mit Wirkung f\u00fcr die Zukunft widerrufen.<\/p>\n\n\n\n<p>Ihre Daten werden vor der \u00dcbertragung und Verarbeitung verschl\u00fcsselt, um diese vor dem Zugriff unberechtigter Personen zu sch\u00fctzen. Bitte beachten Sie, dass unverschl\u00fcsselt \u00fcbersandte E-Mails nicht zugriffsgesch\u00fctzt \u00fcbermittelt werden.<\/p>\n\n\n\n<p>Ihre Daten werden nicht verkauft, vermietet oder in anderer Weise als hier beschrieben Dritten zur Verf\u00fcgung gestellt. \u00dcbermittlungen personenbezogener Daten an staatliche Einrichtungen und Beh\u00f6rden erfolgen nur im Rahmen zwingender nationaler Rechtsvorschriften. Unsere Mitarbeiter, Agenturen und H\u00e4ndler sind von uns zu strengster Vertraulichkeit verpflichtet.<\/p>\n\n\n\n<p><strong>NEWSLETTER UND PRESSEVERTEILER<\/strong><\/p>\n\n\n\n<p>Um sich bei einem Newsletter-Dienst der Karl Kruse Elektronik AG anzumelden, ben\u00f6tigen wir mindestens Ihre E-Mail-Adresse, an die der Newsletter versendet werden soll. Weitere Angaben sind freiwillig und werden nur aufgrund Ihrer Einwilligung verwendet, bspw. um Sie pers\u00f6nlich ansprechen und R\u00fcckfragen zur E-Mailadresse kl\u00e4ren zu k\u00f6nnen. Bei postalischem Versand ben\u00f6tigen wir Ihre Adressdaten. Bei Presseverteilern sind Angaben zum Presseorgan, f\u00fcr das Sie t\u00e4tig sind n\u00f6tig, damit wir wissen, dass tats\u00e4chlich ein Presseorgan beliefert wird.<\/p>\n\n\n\n<p>In der Regel verwenden wir f\u00fcr die Registrierung das Double Opt-In-Verfahren. Das hei\u00dft, wir werden Ihnen erst dann Newsletter zusenden, wenn Sie Ihre Anmeldung nach Mitteilung Ihrer E-Mail-Adresse \u00fcber eine von uns zugesendete E-Mail und einen darin enthaltenen Link best\u00e4tigen. Die Anmeldung und die Best\u00e4tigung werden protokolliert. Damit soll sichergestellt werden, dass nur Sie selbst sich als Nutzer der angegebenen E-Mail-Adresse bei dem Newsletter-Dienst anmelden k\u00f6nnen. Ihre Best\u00e4tigung muss zeitnah zur \u00dcbersendung der E-Mail durch uns erfolgen, da andernfalls Ihre Anmeldung und E-Mail-Adresse in unserer Datenbank gel\u00f6scht wird. Bis zu einer Best\u00e4tigung durch Sie, nimmt unser Newsletter-Dienst keine weiteren Anmeldungen unter dieser E-Mail-Adresse entgegen.<\/p>\n\n\n\n<p>Sie k\u00f6nnen einen bei uns abonnierten Newsletter jederzeit abbestellen. Dazu k\u00f6nnen Sie uns entweder eine E-Mail zusenden oder \u00fcber einen Link am Ende des Newsletters eine Stornierung vornehmen.<\/p>\n\n\n\n<h3 class=\"wp-block-heading\">4. Plugins und Tools<\/h3>\n\n\n\n<p><strong>Social Bookmarks<\/strong><\/p>\n\n\n\n<p>Auf unserer Webseite sind so genannte Social Bookmarks von Facebook, Xing, LinkedIN, und Twitter integriert. Social Bookmarks sind Internet-Lesezeichen, mit denen die Nutzer eines solchen Dienstes Links und Nachrichtenmeldungen sammeln k\u00f6nnen. Diese sind auf unserer Webseite lediglich als Link zu den entsprechenden Diensten eingebunden. Nach dem Anklicken der eingebundenen Grafik werden Sie auf die Seite des jeweiligen Anbieters weitergeleitet, d.h. erst dann werden Nutzerinformationen an den jeweiligen Anbieter \u00fcbertragen. Informationen zum Umgang mit Ihren personenbezogenen Daten bei Nutzung dieser Webseiten entnehmen Sie bitte den jeweiligen Datenschutzbestimmungen der Anbieter.<\/p>\n\n\n\n<p>Wir unterhalten Onlinepr\u00e4senzen innerhalb sozialer Netzwerke und Plattformen, um mit den dort aktiven Kunden, Interessenten und Nutzern kommunizieren und sie dort \u00fcber unsere Leistungen informieren zu k\u00f6nnen. Beim Aufruf der jeweiligen Netzwerke und Plattformen gelten die Gesch\u00e4ftsbedingungen und die Datenverarbeitungsrichtlinien der jeweiligen Betreiber.<\/p>\n\n\n\n<p>Soweit nicht anders im Rahmen unserer Datenschutzerkl\u00e4rung angegeben, verarbeiten wir die Daten der Nutzer sofern diese mit uns innerhalb der sozialen Netzwerke und Plattformen kommunizieren, z.B. Beitr\u00e4ge auf unseren Onlinepr\u00e4senzen verfassen oder uns Nachrichten zusenden.<\/p>\n\n\n\n<p><strong>Google Re-Captcha<\/strong><\/p>\n\n\n\n<p>Wir binden die Funktion zur Erkennung von Bots, z.B. bei Eingaben in Onlineformularen (\u201eReCaptcha\u201c) des Anbieters Google LLC, 1600 AmphitheatreParkway, Mountain View, CA 94043, USA, ein. Datenschutzerkl\u00e4rung: https:\/\/www.google.com\/policies\/privacy\/, Opt-Out: https:\/\/adssettings.google.com\/authenticated.<\/p>\n\n\n\n<p><strong>VERWENDUNG VON VIDEOS (z.B. Youtube, Vimeo)<\/strong><\/p>\n\n\n\n<p>Datenschutzerkl\u00e4rung wegen der Verwendung eines YouTube-Plugins<\/p>\n\n\n\n<p>Diese Internetseite beinhaltet mindestens ein Plugin von YouTube, geh\u00f6rig zur Google Inc., ans\u00e4ssig in San Bruno\/Kalifornien, USA.<\/p>\n\n\n\n<p><strong>Wenn Sie bei Youtube&nbsp;sind:<\/strong><\/p>\n\n\n\n<p>Sobald die mit einem YouTube-Video ausgestattete Seite dieser Homepage aufgerufen wird, und Sie die Wiedergabe starten, wird eine Verbindung zu den Servern von YouTube aufgebaut. Dabei wird dem Youtube-Server mitgeteilt, welche spezielle Seite dieser Website besucht wurde. Wenn Sie eingeloggt sind, wird Ihr Surfverhalten Ihrem pers\u00f6nlichen Profil zuzuordnen.<\/p>\n\n\n\n<p>Sie k\u00f6nnen diese M\u00f6glichkeit unterbinden, wenn Sie sich vorher bei Youtube abmelden. Weitere Informationen zur Erhebung und Nutzung Ihrer Daten durch YouTube erhalten Sie in den dortigen Hinweisen zum Datenschutz unter <a data-mce-href=\"http:\/\/www.youtube.com\" href=\"http:\/\/www.youtube.com\">www.youtube.com<\/a>.<\/p>\n\n\n\n<p>Weitere Informationen zum Datenschutz bei \u201cYouTube\u201d finden Sie in der Datenschutzerkl\u00e4rung des Anbieters unter: <a href=\"https:\/\/www.google.de\/intl\/de\/policies\/privacy\/\" data-mce-href=\"https:\/\/www.google.de\/intl\/de\/policies\/privacy\/\">https:\/\/www.google.de\/intl\/de\/policies\/privacy\/<\/a><\/p>\n\n\n\n<p><strong>\u00c4nderungen der Datenschutzerkl\u00e4rung<\/strong><\/p>\n\n\n\n<p>Diese Datenschutzerkl\u00e4rung wird im Zuge der Weiterentwicklung des Internets oder unseres Angebots aktualisiert. \u00c4nderungen werden rechtzeitig auf dieser Seite bekannt gegeben. Um \u00fcber den aktuellen Stand unserer Datenverwendungsbestimmungen informiert zu sein, sollte diese Seite regelm\u00e4\u00dfig besucht werden.<\/p>\n<\/div>\n<\/div>\n","protected":false},"excerpt":{"rendered":"<p>Datenschutz-Bestimmungen Datenschutzerkl\u00e4rung 1. Datenschutz im \u00dcberblick Allgemeine Informationen Der Schutz und die Sicherheit personenbezogener Daten haben f\u00fcr uns einen hohen Stellenwert. Nachfolgend werden Sie dar\u00fcber informiert, was mit Ihren personenbezogenen Daten passiert, wenn Sie unsere Website besuchen. Personenbezogene Daten sind alle Daten, die Sie pers\u00f6nlich identifizieren. Hierunter fallen z.B. Bestandsdaten (z.B. Name, Anschrift), Kontaktdaten (z.B. &hellip; <\/p>\n<p class=\"link-more\"><a href=\"https:\/\/www.kruse.swiss\/de\/datenschutz-bestimmungen\/\" class=\"more-link\"><span class=\"screen-reader-text\">\u201eDatenschutz-Bestimmungen\u201c<\/span> weiterlesen<\/a><\/p>\n","protected":false},"author":1,"featured_media":1184,"parent":0,"menu_order":0,"comment_status":"closed","ping_status":"open","template":"","meta":{"footnotes":""},"class_list":["post-1299","page","type-page","status-publish","has-post-thumbnail","hentry"],"_links":{"self":[{"href":"https:\/\/www.kruse.swiss\/de\/wp-json\/wp\/v2\/pages\/1299","targetHints":{"allow":["GET"]}}],"collection":[{"href":"https:\/\/www.kruse.swiss\/de\/wp-json\/wp\/v2\/pages"}],"about":[{"href":"https:\/\/www.kruse.swiss\/de\/wp-json\/wp\/v2\/types\/page"}],"author":[{"embeddable":true,"href":"https:\/\/www.kruse.swiss\/de\/wp-json\/wp\/v2\/users\/1"}],"replies":[{"embeddable":true,"href":"https:\/\/www.kruse.swiss\/de\/wp-json\/wp\/v2\/comments?post=1299"}],"version-history":[{"count":3,"href":"https:\/\/www.kruse.swiss\/de\/wp-json\/wp\/v2\/pages\/1299\/revisions"}],"predecessor-version":[{"id":1303,"href":"https:\/\/www.kruse.swiss\/de\/wp-json\/wp\/v2\/pages\/1299\/revisions\/1303"}],"wp:featuredmedia":[{"embeddable":true,"href":"https:\/\/www.kruse.swiss\/de\/wp-json\/wp\/v2\/media\/1184"}],"wp:attachment":[{"href":"https:\/\/www.kruse.swiss\/de\/wp-json\/wp\/v2\/media?parent=1299"}],"curies":[{"name":"wp","href":"https:\/\/api.w.org\/{rel}","templated":true}]}}